{"id":1119,"date":"2022-10-14T17:29:42","date_gmt":"2022-10-14T17:29:42","guid":{"rendered":"http:\/\/5.78.41.184\/de-nachrichten\/"},"modified":"2023-05-23T13:24:50","modified_gmt":"2023-05-23T13:24:50","slug":"news","status":"publish","type":"page","link":"https:\/\/matchbird.com\/de\/news\/","title":{"rendered":"News"},"content":{"rendered":"\n<div id=\"greyd-69fc3fbadd9b2\" class=\"wp-block-greyd-box row_xxl gs_DpwYRO greyd-content-box gs_DpwYRO flex-justify-center has-background\"><div id='bg_69fc3fbadd552' class='greyd-background'>\n\t\t\t\t\t\t\t\t<div class='bg_image bg_vparallax'  data-bg_parallax_speed='-21' data-bg_parallax_enable_mobile='false' data-srcset='{\"150\":\"https:\\\/\\\/matchbird.com\\\/wp-content\\\/uploads\\\/2022\\\/10\\\/zz-newsletter-1-150x150.jpg\",\"300\":\"https:\\\/\\\/matchbird.com\\\/wp-content\\\/uploads\\\/2022\\\/10\\\/zz-newsletter-1-300x220.jpg\",\"768\":\"https:\\\/\\\/matchbird.com\\\/wp-content\\\/uploads\\\/2022\\\/10\\\/zz-newsletter-1-768x562.jpg\",\"1024\":\"https:\\\/\\\/matchbird.com\\\/wp-content\\\/uploads\\\/2022\\\/10\\\/zz-newsletter-1-1024x750.jpg\",\"1536\":\"https:\\\/\\\/matchbird.com\\\/wp-content\\\/uploads\\\/2022\\\/10\\\/zz-newsletter-1-1536x1125.jpg\",\"2048\":\"https:\\\/\\\/matchbird.com\\\/wp-content\\\/uploads\\\/2022\\\/10\\\/zz-newsletter-1-2048x1500.jpg\",\"full\":\"https:\\\/\\\/matchbird.com\\\/wp-content\\\/uploads\\\/2022\\\/10\\\/zz-newsletter-1.jpg\"}'><\/div>\n\t\t\t\t\t\t\t\t\n\t\t\t\t\t\t\t\t\n\t\t\t\t\t\t\t\t\n\t\t\t\t\t\t\t<\/div>\n<h1 class=\"has-text-align-center has-color-62-color has-text-color wp-block-heading\" style=\"font-size:48px;text-transform:uppercase\">Nachrichten<\/h1>\n<\/div>\n\n\n<div  class=\"row_wrap\">\n<div class=\"wp-block-columns row_xxl is-layout-flex wp-container-core-columns-is-layout-9d6595d7 wp-block-columns-is-layout-flex\">\n<div class=\"wp-block-column col-12 col-sm-6 is-layout-flow wp-block-column-is-layout-flow\" style=\"flex-basis:66.7%;width:66.7%\"><div  class=\"spacer_wrap\" aria-hidden=\"true\"><div class=\"wp-block-spacer inner-sm\" style=\"height:calc(50px * 0.4)\" aria-hidden=\"true\"><\/div><div class=\"wp-block-spacer inner-md\" style=\"height:calc(50px * 0.6)\" aria-hidden=\"true\"><\/div><div class=\"wp-block-spacer inner-lg\" style=\"height:calc(50px * 0.8)\" aria-hidden=\"true\"><\/div><div class=\"wp-block-spacer inner-xl\" style=\"height:50px\" aria-hidden=\"true\"><\/div><\/div>\n\n\n<h2 class=\"wp-block-heading\">Immer auf dem neuesten Stand<\/h2>\n\n\n\n<p>Wir ziehen es vor, mit unseren Partnerunternehmen zu sprechen \u2013 aber wir sprechen nat\u00fcrlich auch \u00fcber sie.<\/p>\n\n\n\n<p>In unserem News-Bereich greifen wir daher regelm\u00e4\u00dfig alles Berichtenswerte aus der Welt der <strong>Matchbird-Partnerunternehmen<\/strong> auf. Und wir berichten auch in unserem eigenen Namen \u00fcber die neuesten Nachrichten.<\/p>\n\n\n<div  class=\"spacer_wrap \" aria-hidden=\"true\"><div class=\"wp-block-spacer inner-sm\" style=\"height:calc(100px * 0.4)\" aria-hidden=\"true\"><\/div><div class=\"wp-block-spacer inner-md\" style=\"height:calc(100px * 0.6)\" aria-hidden=\"true\"><\/div><div class=\"wp-block-spacer inner-lg\" style=\"height:calc(100px * 0.8)\" aria-hidden=\"true\"><\/div><div class=\"wp-block-spacer inner-xl\" style=\"height:100px\" aria-hidden=\"true\"><\/div><\/div><\/div>\n\n\n\n<div class=\"wp-block-column col-12 col-sm-auto is-layout-flow wp-block-column-is-layout-flow\" style=\"flex-basis:33.3%;width:33.3%\"><\/div>\n<\/div>\n<\/div>\n\n<div  class=\"row_wrap has-background\"><div id='bg_69fc3fbae4ea6' class='greyd-background bg_full'>\n\t\t\t\t\t\t\t\t<div class='bg_color'><\/div>\n\t\t\t\t\t\t\t\t\n\t\t\t\t\t\t\t\t\n\t\t\t\t\t\t\t\t\n\t\t\t\t\t\t\t<\/div>\n<div class=\"wp-block-columns row_xxl has-color-13-background-color has-background is-layout-flex wp-container-core-columns-is-layout-9d6595d7 wp-block-columns-is-layout-flex\">\n<div class=\"wp-block-column col-12 col-sm-auto is-layout-flow wp-block-column-is-layout-flow\"><div  class=\"row_wrap\">\n<div class=\"wp-block-columns row_xxl is-layout-flex wp-container-core-columns-is-layout-9d6595d7 wp-block-columns-is-layout-flex\">\n<div class=\"wp-block-column col-12 col-sm-auto is-layout-flow wp-block-column-is-layout-flow\"><div  class=\"spacer_wrap\" aria-hidden=\"true\"><div class=\"wp-block-spacer inner-sm\" style=\"height:calc(80px * 0.4)\" aria-hidden=\"true\"><\/div><div class=\"wp-block-spacer inner-md\" style=\"height:calc(80px * 0.6)\" aria-hidden=\"true\"><\/div><div class=\"wp-block-spacer inner-lg\" style=\"height:calc(80px * 0.8)\" aria-hidden=\"true\"><\/div><div class=\"wp-block-spacer inner-xl\" style=\"height:80px\" aria-hidden=\"true\"><\/div><\/div><\/div>\n<\/div>\n<\/div>\n\n<div  class=\"row_wrap\">\n<div class=\"wp-block-columns row_xxl is-layout-flex wp-container-core-columns-is-layout-9d6595d7 wp-block-columns-is-layout-flex\">\n<div class=\"wp-block-column col-12 col-sm-7 offset-sm-1 is-layout-flow wp-block-column-is-layout-flow\">\n<h3 class=\"wp-block-heading\">Nachrichten<\/h3>\n\n\n<div  class=\"spacer_wrap\" aria-hidden=\"true\"><div class=\"wp-block-spacer inner-sm\" style=\"height:calc(56px * 0.4)\" aria-hidden=\"true\"><\/div><div class=\"wp-block-spacer inner-md\" style=\"height:calc(56px * 0.6)\" aria-hidden=\"true\"><\/div><div class=\"wp-block-spacer inner-lg\" style=\"height:calc(56px * 0.8)\" aria-hidden=\"true\"><\/div><div class=\"wp-block-spacer inner-xl\" style=\"height:56px\" aria-hidden=\"true\"><\/div><\/div>\n\n\n<div class=\"wp-block-query is-layout-flow wp-block-query-is-layout-flow\"><div id='post-results-69fc3fbadef5d'  class=\"greyd-posts-slider wp-block-post-template js slider_scroll_top\" data-currentpage=\"1\" data-query-id=\"0\" data-height=\"max\"><div  class=\"query_69fc3fbadef5f pagination pgn numbers top\"><a  tabindex=\"0\" role=\"button\" href=\"javascript:void(0)\" onclick=\"(greyd &amp;&amp; greyd?.query?.slider?.onPaginateClick(event,this,&quot;prev&quot;))\" class=\"pgn_number pgn_previous arrow_carrot-left pgn_current\" data-pagelink=\"prev\" aria-label=\"Gehe zur vorherigen Seite\"><\/a><span class='pgn_numbers'  data-iconnormal=\"icon_circle-empty\" data-iconactive=\"icon_circle-slelected\"><a  tabindex=\"0\" role=\"button\" href=\"javascript:void(0)\" onclick=\"(greyd &amp;&amp; greyd?.query?.slider?.onPaginateClick(event,this,&quot;1&quot;))\" data-pagelink=\"1\" aria-label=\"Gehe zur Seite 1\"><span class='pgn_number pgn_current icon_circle-slelected'><\/span><\/a><a  tabindex=\"0\" role=\"button\" href=\"javascript:void(0)\" onclick=\"(greyd &amp;&amp; greyd?.query?.slider?.onPaginateClick(event,this,&quot;2&quot;))\" data-pagelink=\"2\" aria-label=\"Gehe zur Seite 2\"><span class='pgn_number icon_circle-empty'><\/span><\/a><a  tabindex=\"0\" role=\"button\" href=\"javascript:void(0)\" onclick=\"(greyd &amp;&amp; greyd?.query?.slider?.onPaginateClick(event,this,&quot;3&quot;))\" data-pagelink=\"3\" aria-label=\"Gehe zur Seite 3\"><span class='pgn_number icon_circle-empty'><\/span><\/a><a  tabindex=\"0\" role=\"button\" href=\"javascript:void(0)\" onclick=\"(greyd &amp;&amp; greyd?.query?.slider?.onPaginateClick(event,this,&quot;4&quot;))\" data-pagelink=\"4\" aria-label=\"Gehe zur Seite 4\"><span class='pgn_number icon_circle-empty'><\/span><\/a><\/span><a  tabindex=\"0\" role=\"button\" href=\"javascript:void(0)\" onclick=\"(greyd &amp;&amp; greyd?.query?.slider?.onPaginateClick(event,this,&quot;next&quot;))\" class=\"pgn_number pgn_next arrow_carrot-right\" data-pagelink=\"next\" aria-label=\"Gehe zur n\u00e4chsten Seite\"><\/a><\/div><div class='query-pages-wrapper results_wrapper' data-ppp='3'><div class='query-page result_wrapper is-current' data-page='1'><article class='query-post wp-block-post post-1851 news-matchbird type-news-matchbird status-publish hentry search_result' data-post='1851'data-title='novos horizontes matchbird goes iberia'data-date='2024-02-19 11:26:44'data-postviews='0'data-index='1'>\n<div class=\"wp-block-greyd-buttons alignleft\">\n<a  href=\"https:\/\/www.linkedin.com\/company\/10112798\/admin\/feed\/posts\/\" class=\"link is-style-link-prim gs_L6Fuqg \"><span data-tag=\"Nheadline\" data-params=\"&quot;&quot;\" class=\"is-tag\">Headline<\/span><\/a><style class=\"greyd-styles\">.gs_L6Fuqg { font-size: 1.25em !important; color: var(--color11) !important; } <\/style>\n<\/div>\n\n<p><span data-tag=\"Nsource\" data-params=\"&quot;&quot;\" class=\"is-tag\">Source<\/span> \u2013 <span data-tag=\"date\" data-params=\"{&quot;format&quot;:&quot;dmY&quot;}\" class=\"is-tag\">Post Datum<\/span><\/p>\n\n<p><span data-tag=\"Nteaser\" data-params=\"\" class=\"is-tag\">Teaser<\/span><\/p>\n<div  class=\"spacer_wrap\" aria-hidden=\"true\"><div class=\"wp-block-spacer inner-sm\" style=\"height:calc(48px * 0.4)\" aria-hidden=\"true\"><\/div><div class=\"wp-block-spacer inner-md\" style=\"height:calc(48px * 0.6)\" aria-hidden=\"true\"><\/div><div class=\"wp-block-spacer inner-lg\" style=\"height:calc(48px * 0.8)\" aria-hidden=\"true\"><\/div><div class=\"wp-block-spacer inner-xl\" style=\"height:48px\" aria-hidden=\"true\"><\/div><\/div><\/article><article class='query-post wp-block-post post-1636 news-matchbird type-news-matchbird status-publish hentry search_result' data-post='1636'data-title='event review jedes co2gramm zhlt'data-date='2023-07-24 10:43:02'data-postviews='0'data-index='2'>\n<div class=\"wp-block-greyd-buttons alignleft\">\n<a  href=\"https:\/\/www.linkedin.com\/feed\/update\/urn:li:activity:7087358454960373760\" class=\"link is-style-link-prim gs_L6Fuqg \"><span data-tag=\"Nheadline\" data-params=\"&quot;&quot;\" class=\"is-tag\">Headline<\/span><\/a><style class=\"greyd-styles\">.gs_L6Fuqg { font-size: 1.25em !important; color: var(--color11) !important; } <\/style>\n<\/div>\n\n<p><span data-tag=\"Nsource\" data-params=\"&quot;&quot;\" class=\"is-tag\">Source<\/span> \u2013 <span data-tag=\"date\" data-params=\"{&quot;format&quot;:&quot;dmY&quot;}\" class=\"is-tag\">Post Datum<\/span><\/p>\n\n<p><span data-tag=\"Nteaser\" data-params=\"\" class=\"is-tag\">Teaser<\/span><\/p>\n<div  class=\"spacer_wrap\" aria-hidden=\"true\"><div class=\"wp-block-spacer inner-sm\" style=\"height:calc(48px * 0.4)\" aria-hidden=\"true\"><\/div><div class=\"wp-block-spacer inner-md\" style=\"height:calc(48px * 0.6)\" aria-hidden=\"true\"><\/div><div class=\"wp-block-spacer inner-lg\" style=\"height:calc(48px * 0.8)\" aria-hidden=\"true\"><\/div><div class=\"wp-block-spacer inner-xl\" style=\"height:48px\" aria-hidden=\"true\"><\/div><\/div><\/article><article class='query-post wp-block-post post-1634 news-matchbird type-news-matchbird status-publish hentry search_result' data-post='1634'data-title='versteckte chancen'data-date='2023-07-24 10:34:34'data-postviews='0'data-index='3'>\n<div class=\"wp-block-greyd-buttons alignleft\">\n<a  href=\"https:\/\/www.linkedin.com\/feed\/update\/urn:li:activity:7086642710446489601\" class=\"link is-style-link-prim gs_L6Fuqg \"><span data-tag=\"Nheadline\" data-params=\"&quot;&quot;\" class=\"is-tag\">Headline<\/span><\/a><style class=\"greyd-styles\">.gs_L6Fuqg { font-size: 1.25em !important; color: var(--color11) !important; } <\/style>\n<\/div>\n\n<p><span data-tag=\"Nsource\" data-params=\"&quot;&quot;\" class=\"is-tag\">Source<\/span> \u2013 <span data-tag=\"date\" data-params=\"{&quot;format&quot;:&quot;dmY&quot;}\" class=\"is-tag\">Post Datum<\/span><\/p>\n\n<p><span data-tag=\"Nteaser\" data-params=\"\" class=\"is-tag\">Teaser<\/span><\/p>\n<div  class=\"spacer_wrap\" aria-hidden=\"true\"><div class=\"wp-block-spacer inner-sm\" style=\"height:calc(48px * 0.4)\" aria-hidden=\"true\"><\/div><div class=\"wp-block-spacer inner-md\" style=\"height:calc(48px * 0.6)\" aria-hidden=\"true\"><\/div><div class=\"wp-block-spacer inner-lg\" style=\"height:calc(48px * 0.8)\" aria-hidden=\"true\"><\/div><div class=\"wp-block-spacer inner-xl\" style=\"height:48px\" aria-hidden=\"true\"><\/div><\/div><\/article><\/div><div class='query-page result_wrapper' data-page='2'><article class='query-post wp-block-post post-1600 news-matchbird type-news-matchbird status-publish hentry search_result' data-post='1600'data-title='siegel fr innovationskompetenz'data-date='2023-06-28 09:41:18'data-postviews='0'data-index='4'>\n<div class=\"wp-block-greyd-buttons alignleft\">\n<a  href=\"https:\/\/www.linkedin.com\/feed\/update\/urn:li:activity:7079753684737257472\" class=\"link is-style-link-prim gs_L6Fuqg \"><span data-tag=\"Nheadline\" data-params=\"&quot;&quot;\" class=\"is-tag\">Headline<\/span><\/a><style class=\"greyd-styles\">.gs_L6Fuqg { font-size: 1.25em !important; color: var(--color11) !important; } <\/style>\n<\/div>\n\n<p><span data-tag=\"Nsource\" data-params=\"&quot;&quot;\" class=\"is-tag\">Source<\/span> \u2013 <span data-tag=\"date\" data-params=\"{&quot;format&quot;:&quot;dmY&quot;}\" class=\"is-tag\">Post Datum<\/span><\/p>\n\n<p><span data-tag=\"Nteaser\" data-params=\"\" class=\"is-tag\">Teaser<\/span><\/p>\n<div  class=\"spacer_wrap\" aria-hidden=\"true\"><div class=\"wp-block-spacer inner-sm\" style=\"height:calc(48px * 0.4)\" aria-hidden=\"true\"><\/div><div class=\"wp-block-spacer inner-md\" style=\"height:calc(48px * 0.6)\" aria-hidden=\"true\"><\/div><div class=\"wp-block-spacer inner-lg\" style=\"height:calc(48px * 0.8)\" aria-hidden=\"true\"><\/div><div class=\"wp-block-spacer inner-xl\" style=\"height:48px\" aria-hidden=\"true\"><\/div><\/div><\/article><article class='query-post wp-block-post post-1589 news-matchbird type-news-matchbird status-publish hentry search_result' data-post='1589'data-title='matchbird auf der future logistics'data-date='2023-05-17 10:45:07'data-postviews='0'data-index='5'>\n<div class=\"wp-block-greyd-buttons alignleft\">\n<a  href=\"https:\/\/www.linkedin.com\/posts\/matchbird_futurelogistics-binnenschifffahrtsmuseum-activity-7061656438183469056-pJh0?utm_source=share&amp;utm_medium=member_desktop\" class=\"link is-style-link-prim gs_L6Fuqg \"><span data-tag=\"Nheadline\" data-params=\"&quot;&quot;\" class=\"is-tag\">Headline<\/span><\/a><style class=\"greyd-styles\">.gs_L6Fuqg { font-size: 1.25em !important; color: var(--color11) !important; } <\/style>\n<\/div>\n\n<p><span data-tag=\"Nsource\" data-params=\"&quot;&quot;\" class=\"is-tag\">Source<\/span> \u2013 <span data-tag=\"date\" data-params=\"{&quot;format&quot;:&quot;dmY&quot;}\" class=\"is-tag\">Post Datum<\/span><\/p>\n\n<p><span data-tag=\"Nteaser\" data-params=\"\" class=\"is-tag\">Teaser<\/span><\/p>\n<div  class=\"spacer_wrap\" aria-hidden=\"true\"><div class=\"wp-block-spacer inner-sm\" style=\"height:calc(48px * 0.4)\" aria-hidden=\"true\"><\/div><div class=\"wp-block-spacer inner-md\" style=\"height:calc(48px * 0.6)\" aria-hidden=\"true\"><\/div><div class=\"wp-block-spacer inner-lg\" style=\"height:calc(48px * 0.8)\" aria-hidden=\"true\"><\/div><div class=\"wp-block-spacer inner-xl\" style=\"height:48px\" aria-hidden=\"true\"><\/div><\/div><\/article><article class='query-post wp-block-post post-1183 news-matchbird type-news-matchbird status-publish hentry search_result' data-post='1183'data-title='die wasserstoffwende von der kohleninsel'data-date='2022-02-19 07:07:15'data-postviews='0'data-index='6'>\n<div class=\"wp-block-greyd-buttons alignleft\">\n<a  href=\"https:\/\/www.faz.net\/aktuell\/technik-motor\/technik\/wasserstoff-auf-der-kohleninsel-der-hafen-duisburg-soll-nachhaltig-werden-17802844.html\" class=\"link is-style-link-prim gs_L6Fuqg \"><span data-tag=\"Nheadline\" data-params=\"&quot;&quot;\" class=\"is-tag\">Headline<\/span><\/a><style class=\"greyd-styles\">.gs_L6Fuqg { font-size: 1.25em !important; color: var(--color11) !important; } <\/style>\n<\/div>\n\n<p><span data-tag=\"Nsource\" data-params=\"&quot;&quot;\" class=\"is-tag\">Source<\/span> \u2013 <span data-tag=\"date\" data-params=\"{&quot;format&quot;:&quot;dmY&quot;}\" class=\"is-tag\">Post Datum<\/span><\/p>\n\n<p><span data-tag=\"Nteaser\" data-params=\"\" class=\"is-tag\">Teaser<\/span><\/p>\n<div  class=\"spacer_wrap\" aria-hidden=\"true\"><div class=\"wp-block-spacer inner-sm\" style=\"height:calc(48px * 0.4)\" aria-hidden=\"true\"><\/div><div class=\"wp-block-spacer inner-md\" style=\"height:calc(48px * 0.6)\" aria-hidden=\"true\"><\/div><div class=\"wp-block-spacer inner-lg\" style=\"height:calc(48px * 0.8)\" aria-hidden=\"true\"><\/div><div class=\"wp-block-spacer inner-xl\" style=\"height:48px\" aria-hidden=\"true\"><\/div><\/div><\/article><\/div><div class='query-page result_wrapper' data-page='3'><article class='query-post wp-block-post post-1185 news-matchbird type-news-matchbird status-publish hentry search_result' data-post='1185'data-title='vaillant group und waldgenossenschaft remscheid entwickeln zukunftswald'data-date='2022-02-17 07:00:11'data-postviews='0'data-index='7'>\n<div class=\"wp-block-greyd-buttons alignleft\">\n<a  href=\"https:\/\/www.haustechnikdialog.de\/News\/SHKszene\/26467\/Vaillant-Group-und-Waldgenossenschaft-Remscheid-entwickeln-Zukunftswald\" class=\"link is-style-link-prim gs_L6Fuqg \"><span data-tag=\"Nheadline\" data-params=\"&quot;&quot;\" class=\"is-tag\">Headline<\/span><\/a><style class=\"greyd-styles\">.gs_L6Fuqg { font-size: 1.25em !important; color: var(--color11) !important; } <\/style>\n<\/div>\n\n<p><span data-tag=\"Nsource\" data-params=\"&quot;&quot;\" class=\"is-tag\">Source<\/span> \u2013 <span data-tag=\"date\" data-params=\"{&quot;format&quot;:&quot;dmY&quot;}\" class=\"is-tag\">Post Datum<\/span><\/p>\n\n<p><span data-tag=\"Nteaser\" data-params=\"\" class=\"is-tag\">Teaser<\/span><\/p>\n<div  class=\"spacer_wrap\" aria-hidden=\"true\"><div class=\"wp-block-spacer inner-sm\" style=\"height:calc(48px * 0.4)\" aria-hidden=\"true\"><\/div><div class=\"wp-block-spacer inner-md\" style=\"height:calc(48px * 0.6)\" aria-hidden=\"true\"><\/div><div class=\"wp-block-spacer inner-lg\" style=\"height:calc(48px * 0.8)\" aria-hidden=\"true\"><\/div><div class=\"wp-block-spacer inner-xl\" style=\"height:48px\" aria-hidden=\"true\"><\/div><\/div><\/article><article class='query-post wp-block-post post-1187 news-matchbird type-news-matchbird status-publish hentry search_result' data-post='1187'data-title='mit unsichtbaren markern gegen greenwashing'data-date='2022-02-04 08:00:38'data-postviews='0'data-index='8'>\n<div class=\"wp-block-greyd-buttons alignleft\">\n<a  href=\"https:\/\/www.pressebox.de\/pressemitteilung\/tailorlux-gmbh\/Die-Tailorlux-GmbH-und-Aware-kuendigen-eine-strategische-Zusammenarbeit-an\/boxid\/1098253\" class=\"link is-style-link-prim gs_L6Fuqg \"><span data-tag=\"Nheadline\" data-params=\"&quot;&quot;\" class=\"is-tag\">Headline<\/span><\/a><style class=\"greyd-styles\">.gs_L6Fuqg { font-size: 1.25em !important; color: var(--color11) !important; } <\/style>\n<\/div>\n\n<p><span data-tag=\"Nsource\" data-params=\"&quot;&quot;\" class=\"is-tag\">Source<\/span> \u2013 <span data-tag=\"date\" data-params=\"{&quot;format&quot;:&quot;dmY&quot;}\" class=\"is-tag\">Post Datum<\/span><\/p>\n\n<p><span data-tag=\"Nteaser\" data-params=\"\" class=\"is-tag\">Teaser<\/span><\/p>\n<div  class=\"spacer_wrap\" aria-hidden=\"true\"><div class=\"wp-block-spacer inner-sm\" style=\"height:calc(48px * 0.4)\" aria-hidden=\"true\"><\/div><div class=\"wp-block-spacer inner-md\" style=\"height:calc(48px * 0.6)\" aria-hidden=\"true\"><\/div><div class=\"wp-block-spacer inner-lg\" style=\"height:calc(48px * 0.8)\" aria-hidden=\"true\"><\/div><div class=\"wp-block-spacer inner-xl\" style=\"height:48px\" aria-hidden=\"true\"><\/div><\/div><\/article><article class='query-post wp-block-post post-1189 news-matchbird type-news-matchbird status-publish hentry search_result' data-post='1189'data-title='telefnica nimmt minifunkzellen mit open ran in betrieb'data-date='2022-01-17 09:00:24'data-postviews='0'data-index='9'>\n<div class=\"wp-block-greyd-buttons alignleft\">\n<a  href=\"https:\/\/www.telecom-handel.de\/consumer-communications\/telefonica\/telefonica-nimmt-mini-funkzellen-open-ran-in-betrieb-2732434.html\" class=\"link is-style-link-prim gs_L6Fuqg \"><span data-tag=\"Nheadline\" data-params=\"&quot;&quot;\" class=\"is-tag\">Headline<\/span><\/a><style class=\"greyd-styles\">.gs_L6Fuqg { font-size: 1.25em !important; color: var(--color11) !important; } <\/style>\n<\/div>\n\n<p><span data-tag=\"Nsource\" data-params=\"&quot;&quot;\" class=\"is-tag\">Source<\/span> \u2013 <span data-tag=\"date\" data-params=\"{&quot;format&quot;:&quot;dmY&quot;}\" class=\"is-tag\">Post Datum<\/span><\/p>\n\n<p><span data-tag=\"Nteaser\" data-params=\"\" class=\"is-tag\">Teaser<\/span><\/p>\n<div  class=\"spacer_wrap\" aria-hidden=\"true\"><div class=\"wp-block-spacer inner-sm\" style=\"height:calc(48px * 0.4)\" aria-hidden=\"true\"><\/div><div class=\"wp-block-spacer inner-md\" style=\"height:calc(48px * 0.6)\" aria-hidden=\"true\"><\/div><div class=\"wp-block-spacer inner-lg\" style=\"height:calc(48px * 0.8)\" aria-hidden=\"true\"><\/div><div class=\"wp-block-spacer inner-xl\" style=\"height:48px\" aria-hidden=\"true\"><\/div><\/div><\/article><\/div><div class='query-page result_wrapper' data-page='4'><article class='query-post wp-block-post post-1191 news-matchbird type-news-matchbird status-publish hentry search_result' data-post='1191'data-title='caravan und reisemobil des jahres 2022'data-date='2022-01-17 08:00:46'data-postviews='0'data-index='10'>\n<div class=\"wp-block-greyd-buttons alignleft\">\n<a  href=\"https:\/\/www.lifepr.de\/pressemitteilung\/knaus-tabbert-ag\/caravan-und-reisemobil-des-jahres-2022\/boxid\/882398\" class=\"link is-style-link-prim gs_L6Fuqg \"><span data-tag=\"Nheadline\" data-params=\"&quot;&quot;\" class=\"is-tag\">Headline<\/span><\/a><style class=\"greyd-styles\">.gs_L6Fuqg { font-size: 1.25em !important; color: var(--color11) !important; } <\/style>\n<\/div>\n\n<p><span data-tag=\"Nsource\" data-params=\"&quot;&quot;\" class=\"is-tag\">Source<\/span> \u2013 <span data-tag=\"date\" data-params=\"{&quot;format&quot;:&quot;dmY&quot;}\" class=\"is-tag\">Post Datum<\/span><\/p>\n\n<p><span data-tag=\"Nteaser\" data-params=\"\" class=\"is-tag\">Teaser<\/span><\/p>\n<div  class=\"spacer_wrap\" aria-hidden=\"true\"><div class=\"wp-block-spacer inner-sm\" style=\"height:calc(48px * 0.4)\" aria-hidden=\"true\"><\/div><div class=\"wp-block-spacer inner-md\" style=\"height:calc(48px * 0.6)\" aria-hidden=\"true\"><\/div><div class=\"wp-block-spacer inner-lg\" style=\"height:calc(48px * 0.8)\" aria-hidden=\"true\"><\/div><div class=\"wp-block-spacer inner-xl\" style=\"height:48px\" aria-hidden=\"true\"><\/div><\/div><\/article><article class='query-post wp-block-post post-1193 news-matchbird type-news-matchbird status-publish hentry search_result' data-post='1193'data-title='industriestaubsauger von festool aus rezyklat'data-date='2022-01-13 08:00:01'data-postviews='0'data-index='11'>\n<div class=\"wp-block-greyd-buttons alignleft\">\n<a  href=\"https:\/\/www.plastverarbeiter.de\/roh-und-zusatzstoffe\/industriestaubsauger-von-festool-aus-rezyklat-921.html\" class=\"link is-style-link-prim gs_L6Fuqg \"><span data-tag=\"Nheadline\" data-params=\"&quot;&quot;\" class=\"is-tag\">Headline<\/span><\/a><style class=\"greyd-styles\">.gs_L6Fuqg { font-size: 1.25em !important; color: var(--color11) !important; } <\/style>\n<\/div>\n\n<p><span data-tag=\"Nsource\" data-params=\"&quot;&quot;\" class=\"is-tag\">Source<\/span> \u2013 <span data-tag=\"date\" data-params=\"{&quot;format&quot;:&quot;dmY&quot;}\" class=\"is-tag\">Post Datum<\/span><\/p>\n\n<p><span data-tag=\"Nteaser\" data-params=\"\" class=\"is-tag\">Teaser<\/span><\/p>\n<div  class=\"spacer_wrap\" aria-hidden=\"true\"><div class=\"wp-block-spacer inner-sm\" style=\"height:calc(48px * 0.4)\" aria-hidden=\"true\"><\/div><div class=\"wp-block-spacer inner-md\" style=\"height:calc(48px * 0.6)\" aria-hidden=\"true\"><\/div><div class=\"wp-block-spacer inner-lg\" style=\"height:calc(48px * 0.8)\" aria-hidden=\"true\"><\/div><div class=\"wp-block-spacer inner-xl\" style=\"height:48px\" aria-hidden=\"true\"><\/div><\/div><\/article><\/div><\/div><\/div><div class='loading_spinner_wrapper' style='display:none;'>\n\t\t\t<div class='loading_spinner'>\n\t\t\t\t<div><\/div> <div><\/div> <div><\/div> <div><\/div>\n\t\t\t<\/div>\n\t\t<\/div><\/div>\n<\/div>\n<\/div>\n<\/div><\/div>\n<\/div>\n<\/div>","protected":false},"excerpt":{"rendered":"<p>Immer auf dem neuesten Stand Wir ziehen es vor, mit unseren Partnerunternehmen zu sprechen \u2013 aber wir sprechen nat\u00fcrlich auch \u00fcber sie. In unserem News-Bereich greifen wir daher regelm\u00e4\u00dfig alles Berichtenswerte aus der Welt der Matchbird-Partnerunternehmen auf. Und wir berichten auch in unserem eigenen Namen \u00fcber die neuesten Nachrichten. Nachrichten<\/p>\n","protected":false},"author":1,"featured_media":0,"parent":0,"menu_order":0,"comment_status":"closed","ping_status":"closed","template":"","meta":{"greyd_block_editor_preview":[],"footnotes":""},"class_list":["post-1119","page","type-page","status-publish","hentry"],"_links":{"self":[{"href":"https:\/\/matchbird.com\/de\/wp-json\/wp\/v2\/pages\/1119","targetHints":{"allow":["GET"]}}],"collection":[{"href":"https:\/\/matchbird.com\/de\/wp-json\/wp\/v2\/pages"}],"about":[{"href":"https:\/\/matchbird.com\/de\/wp-json\/wp\/v2\/types\/page"}],"author":[{"embeddable":true,"href":"https:\/\/matchbird.com\/de\/wp-json\/wp\/v2\/users\/1"}],"replies":[{"embeddable":true,"href":"https:\/\/matchbird.com\/de\/wp-json\/wp\/v2\/comments?post=1119"}],"version-history":[{"count":16,"href":"https:\/\/matchbird.com\/de\/wp-json\/wp\/v2\/pages\/1119\/revisions"}],"predecessor-version":[{"id":1594,"href":"https:\/\/matchbird.com\/de\/wp-json\/wp\/v2\/pages\/1119\/revisions\/1594"}],"wp:attachment":[{"href":"https:\/\/matchbird.com\/de\/wp-json\/wp\/v2\/media?parent=1119"}],"curies":[{"name":"wp","href":"https:\/\/api.w.org\/{rel}","templated":true}]}}