{"id":1125,"date":"2022-10-14T13:49:21","date_gmt":"2022-10-14T13:49:21","guid":{"rendered":"http:\/\/5.78.41.184\/de-zuordnungspraxis\/"},"modified":"2023-07-28T08:15:05","modified_gmt":"2023-07-28T08:15:05","slug":"matching-praxis","status":"publish","type":"page","link":"https:\/\/matchbird.com\/de\/matching-praxis\/","title":{"rendered":"Matching-Praxis"},"content":{"rendered":"\n<div id=\"greyd-6a070f3f4f781\" class=\"wp-block-greyd-box gs_gBHzCd greyd-content-box gs_gBHzCd flex-justify-center has-background\"><div id='bg_6a070f3f4f243' class='greyd-background'>\n\t\t\t\t\t\t\t\t<div class='bg_image bg_vparallax'  data-bg_parallax_speed='-8' data-bg_parallax_enable_mobile='false' data-srcset='{\"150\":\"https:\\\/\\\/matchbird.com\\\/wp-content\\\/uploads\\\/2022\\\/10\\\/iStock-1285395672-scaled-1-150x150.jpg\",\"300\":\"https:\\\/\\\/matchbird.com\\\/wp-content\\\/uploads\\\/2022\\\/10\\\/iStock-1285395672-scaled-1-300x169.jpg\",\"768\":\"https:\\\/\\\/matchbird.com\\\/wp-content\\\/uploads\\\/2022\\\/10\\\/iStock-1285395672-scaled-1-768x432.jpg\",\"1024\":\"https:\\\/\\\/matchbird.com\\\/wp-content\\\/uploads\\\/2022\\\/10\\\/iStock-1285395672-scaled-1-1024x576.jpg\",\"1536\":\"https:\\\/\\\/matchbird.com\\\/wp-content\\\/uploads\\\/2022\\\/10\\\/iStock-1285395672-scaled-1-1536x864.jpg\",\"2048\":\"https:\\\/\\\/matchbird.com\\\/wp-content\\\/uploads\\\/2022\\\/10\\\/iStock-1285395672-scaled-1-2048x1152.jpg\",\"full\":\"https:\\\/\\\/matchbird.com\\\/wp-content\\\/uploads\\\/2022\\\/10\\\/iStock-1285395672-scaled-1.jpg\"}'><\/div>\n\t\t\t\t\t\t\t\t\n\t\t\t\t\t\t\t\t\n\t\t\t\t\t\t\t\t\n\t\t\t\t\t\t\t<\/div>\n<h1 class=\"has-text-align-center has-color-62-color has-text-color wp-block-heading\" style=\"font-size:48px;text-transform:uppercase\">Matching-Praxis im Team &#8211;<br\/>f\u00fcr unsere Partner<\/h1>\n<\/div>\n<div  class=\"row_wrap\">\n<div class=\"wp-block-columns row_xxl is-layout-flex wp-container-core-columns-is-layout-9d6595d7 wp-block-columns-is-layout-flex\">\n<div class=\"wp-block-column col-12 col-sm-6 is-layout-flow wp-block-column-is-layout-flow\" style=\"flex-basis:66.7%;width:66.7%\"><div  class=\"spacer_wrap\" aria-hidden=\"true\"><div class=\"wp-block-spacer inner-sm\" style=\"height:calc(50px * 0.4)\" aria-hidden=\"true\"><\/div><div class=\"wp-block-spacer inner-md\" style=\"height:calc(50px * 0.6)\" aria-hidden=\"true\"><\/div><div class=\"wp-block-spacer inner-lg\" style=\"height:calc(50px * 0.8)\" aria-hidden=\"true\"><\/div><div class=\"wp-block-spacer inner-xl\" style=\"height:50px\" aria-hidden=\"true\"><\/div><\/div>\n\n\n<h2 class=\"wp-block-heading\">Branchen\u00fcbergreifendes<br\/>Matching<\/h2>\n\n\n\n<p>Unsere Partner profitieren von unserer fundierten Matching-Expertise und unserem branchen\u00fcbergreifenden Wissen. Au\u00dferdem ist es kein Geheimnis, dass sich Unternehmen mit geeigneten Gesch\u00e4ftspartnern weiterentwickeln und wesentlich mehr erreichen als andere, die sich nur auf sich selbst konzentrieren.<\/p>\n\n\n\n<p>Die Serendipity-Matches von Matchbird sind gerade deshalb so besonders, weil sie nicht einfach auf Kontaktvermittlung setzen &#8211; sondern auf die zielgerichtete und nachhaltige Vernetzung von Unternehmen.<\/p>\n\n\n\n<p><strong>Dabei geht es oft darum, f\u00fcr und mit unseren Partnern disruptive Ideen zu entwickeln, die v\u00f6llig neue Impulse oder Trends setzen k\u00f6nnen.<\/strong><\/p>\n\n\n<div  class=\"spacer_wrap\" aria-hidden=\"true\"><div class=\"wp-block-spacer inner-sm\" style=\"height:calc(100px * 0.4)\" aria-hidden=\"true\"><\/div><div class=\"wp-block-spacer inner-md\" style=\"height:calc(100px * 0.6)\" aria-hidden=\"true\"><\/div><div class=\"wp-block-spacer inner-lg\" style=\"height:calc(100px * 0.8)\" aria-hidden=\"true\"><\/div><div class=\"wp-block-spacer inner-xl\" style=\"height:100px\" aria-hidden=\"true\"><\/div><\/div><\/div>\n\n\n\n<div class=\"wp-block-column col-12 col-sm-auto is-layout-flow wp-block-column-is-layout-flow\" style=\"flex-basis:33.3%;width:33.3%\"><\/div>\n<\/div>\n<\/div><div  class=\"row_wrap has-background\"><div id='bg_6a070f3f4fec9' class='greyd-background bg_full'>\n\t\t\t\t\t\t\t\t<div class='bg_color'><\/div>\n\t\t\t\t\t\t\t\t\n\t\t\t\t\t\t\t\t\n\t\t\t\t\t\t\t\t<div class='bg_seperator' style='opacity: 1;'><div class='sep_top' style='height: 148px; z-index: 0'><svg class=\"svg_mirror_y\" xmlns=\"http:\/\/www.w3.org\/2000\/svg\" version=\"1.1\" fill=\"#fff\" width=\"100%\" height=\"100%\" viewBox=\"0 0 4.66666 0.333331\" preserveAspectRatio=\"none\"><path class=\"fil0\" d=\"M-7.87402e-006 0.0148858l0.00234646 0c0.052689,0.0154094 0.554437,0.154539 1.51807,0.166524l0.267925 0c0.0227165,-0.00026378 0.0456102,-0.000582677 0.0687992,-0.001 1.1559,-0.0208465 2.34191,-0.147224 2.79148,-0.165524l0.0180591 0 0 0.166661 -7.87402e-006 0 0 0.151783 -4.66666 0 0 -0.151783 -7.87402e-006 0 0 -0.166661z\"\/><\/svg><\/div><\/div>\n\t\t\t\t\t\t\t<\/div>\n<div class=\"wp-block-columns row_xxl has-color-13-background-color has-background is-layout-flex wp-container-core-columns-is-layout-9d6595d7 wp-block-columns-is-layout-flex\">\n<div class=\"wp-block-column col-12 col-sm-auto is-layout-flow wp-block-column-is-layout-flow\"><div  class=\"spacer_wrap\" aria-hidden=\"true\"><div class=\"wp-block-spacer inner-sm\" style=\"height:calc(152px * 0.4)\" aria-hidden=\"true\"><\/div><div class=\"wp-block-spacer inner-md\" style=\"height:calc(152px * 0.6)\" aria-hidden=\"true\"><\/div><div class=\"wp-block-spacer inner-lg\" style=\"height:calc(152px * 0.8)\" aria-hidden=\"true\"><\/div><div class=\"wp-block-spacer inner-xl\" style=\"height:152px\" aria-hidden=\"true\"><\/div><\/div><\/div>\n<\/div>\n<\/div><div  class=\"row_wrap has-background\"><div id='bg_6a070f3f50b6a' class='greyd-background bg_full'>\n\t\t\t\t\t\t\t\t<div class='bg_color'><\/div>\n\t\t\t\t\t\t\t\t\n\t\t\t\t\t\t\t\t\n\t\t\t\t\t\t\t\t\n\t\t\t\t\t\t\t<\/div>\n<div class=\"wp-block-columns row_xxl has-color-13-background-color has-background is-layout-flex wp-container-core-columns-is-layout-9d6595d7 wp-block-columns-is-layout-flex\">\n<div class=\"wp-block-column col-12 col-sm-auto is-layout-flow wp-block-column-is-layout-flow\"><div  class=\"row_wrap\">\n<div class=\"wp-block-columns row_xxl is-layout-flex wp-container-core-columns-is-layout-9d6595d7 wp-block-columns-is-layout-flex\">\n<div class=\"wp-block-column col-12 col-sm-auto is-layout-flow wp-block-column-is-layout-flow\"><div  class=\"spacer_wrap\" aria-hidden=\"true\"><div class=\"wp-block-spacer inner-sm\" style=\"height:calc(174px * 0.4)\" aria-hidden=\"true\"><\/div><div class=\"wp-block-spacer inner-md\" style=\"height:calc(174px * 0.6)\" aria-hidden=\"true\"><\/div><div class=\"wp-block-spacer inner-lg\" style=\"height:calc(174px * 0.8)\" aria-hidden=\"true\"><\/div><div class=\"wp-block-spacer inner-xl\" style=\"height:174px\" aria-hidden=\"true\"><\/div><\/div>\n\n\n<h2 class=\"wp-block-heading\">Was ist ein Serendipity<br\/>Match?<\/h2>\n\n\n\n<p>Hier ist ein kleines <strong>Video-Beispiel<\/strong> aus unserem Matching-Prozess:<\/p>\n<\/div>\n\n\n\n<div class=\"wp-block-column col-12 col-sm-auto is-layout-flow wp-block-column-is-layout-flow\"><div  class=\"spacer_wrap\" aria-hidden=\"true\"><div class=\"wp-block-spacer inner-sm\" style=\"height:calc(112px * 0.4)\" aria-hidden=\"true\"><\/div><div class=\"wp-block-spacer inner-md\" style=\"height:calc(112px * 0.6)\" aria-hidden=\"true\"><\/div><div class=\"wp-block-spacer inner-lg\" style=\"height:calc(112px * 0.8)\" aria-hidden=\"true\"><\/div><div class=\"wp-block-spacer inner-xl\" style=\"height:112px\" aria-hidden=\"true\"><\/div><\/div>\n\n\n<figure class=\"wp-block-video\"><video controls=\"\" poster=\"http:\/\/5.78.41.184\/wp-content\/uploads\/2022\/10\/huumans3.png\" src=\"http:\/\/5.78.41.184\/wp-content\/uploads\/2022\/10\/Matchbird-Example-of-a-Match.mp4\"><\/video><\/figure>\n\n\n<div  class=\"spacer_wrap\" aria-hidden=\"true\"><div class=\"wp-block-spacer inner-sm\" style=\"height:calc(93px * 0.4)\" aria-hidden=\"true\"><\/div><div class=\"wp-block-spacer inner-md\" style=\"height:calc(93px * 0.6)\" aria-hidden=\"true\"><\/div><div class=\"wp-block-spacer inner-lg\" style=\"height:calc(93px * 0.8)\" aria-hidden=\"true\"><\/div><div class=\"wp-block-spacer inner-xl\" style=\"height:93px\" aria-hidden=\"true\"><\/div><\/div><\/div>\n<\/div>\n<\/div><\/div>\n<\/div>\n<\/div><div  class=\"row_wrap has-background\"><div id='bg_6a070f3f50d81' class='greyd-background bg_full'>\n\t\t\t\t\t\t\t\t<div class='bg_color'><\/div>\n\t\t\t\t\t\t\t\t\n\t\t\t\t\t\t\t\t\n\t\t\t\t\t\t\t\t<div class='bg_seperator' style='opacity: 1;'><div class='sep_bottom' style='height: 148px; z-index: 0'><svg class=\"svg_mirror_xy\" xmlns=\"http:\/\/www.w3.org\/2000\/svg\" version=\"1.1\" fill=\"#fff\" width=\"100%\" height=\"100%\" viewBox=\"0 0 4.66666 0.333331\" preserveAspectRatio=\"none\"><path class=\"fil0\" d=\"M-7.87402e-006 0.0148858l0.00234646 0c0.052689,0.0154094 0.554437,0.154539 1.51807,0.166524l0.267925 0c0.0227165,-0.00026378 0.0456102,-0.000582677 0.0687992,-0.001 1.1559,-0.0208465 2.34191,-0.147224 2.79148,-0.165524l0.0180591 0 0 0.166661 -7.87402e-006 0 0 0.151783 -4.66666 0 0 -0.151783 -7.87402e-006 0 0 -0.166661z\"\/><\/svg><\/div><\/div>\n\t\t\t\t\t\t\t<\/div>\n<div class=\"wp-block-columns row_xxl has-color-13-background-color has-background is-layout-flex wp-container-core-columns-is-layout-9d6595d7 wp-block-columns-is-layout-flex\">\n<div class=\"wp-block-column col-12 col-sm-auto is-layout-flow wp-block-column-is-layout-flow\"><div  class=\"spacer_wrap\" aria-hidden=\"true\"><div class=\"wp-block-spacer inner-sm\" style=\"height:calc(152px * 0.4)\" aria-hidden=\"true\"><\/div><div class=\"wp-block-spacer inner-md\" style=\"height:calc(152px * 0.6)\" aria-hidden=\"true\"><\/div><div class=\"wp-block-spacer inner-lg\" style=\"height:calc(152px * 0.8)\" aria-hidden=\"true\"><\/div><div class=\"wp-block-spacer inner-xl\" style=\"height:152px\" aria-hidden=\"true\"><\/div><\/div><\/div>\n<\/div>\n<\/div><div  class=\"row_wrap\">\n<div class=\"wp-block-columns row_xxl is-layout-flex wp-container-core-columns-is-layout-9d6595d7 wp-block-columns-is-layout-flex\">\n<div class=\"wp-block-column col-12 col-sm-auto is-layout-flow wp-block-column-is-layout-flow\"><div  class=\"row_wrap\">\n<div class=\"wp-block-columns row_xxl is-layout-flex wp-container-core-columns-is-layout-9d6595d7 wp-block-columns-is-layout-flex\">\n<div class=\"wp-block-column col-12 col-sm-10 offset-sm-0 offset-md-1 is-layout-flow wp-block-column-is-layout-flow\"><div  class=\"spacer_wrap\" aria-hidden=\"true\"><div class=\"wp-block-spacer inner-sm\" style=\"height:calc(128px * 0.4)\" aria-hidden=\"true\"><\/div><div class=\"wp-block-spacer inner-md\" style=\"height:calc(128px * 0.6)\" aria-hidden=\"true\"><\/div><div class=\"wp-block-spacer inner-lg\" style=\"height:calc(128px * 0.8)\" aria-hidden=\"true\"><\/div><div class=\"wp-block-spacer inner-xl\" style=\"height:128px\" aria-hidden=\"true\"><\/div><\/div>\n\n\n<h2 class=\"has-text-align-right wp-block-heading\">Matching-Praxis<\/h2>\n\n\n\n<div id=\"greyd-6a070f3f5172d\" class=\"wp-block-greyd-box gs_TlqBpB greyd-content-box animate-when-almost-visible fadeInUp gs_TlqBpB\"><div class=\"wp-block-image\">\n<figure class=\"aligncenter size-full is-resized\"><img loading=\"lazy\" decoding=\"async\" src=\"http:\/\/5.78.41.184\/wp-content\/uploads\/2022\/10\/rocket-light.svg\" alt=\"\" class=\"wp-image-958\" style=\"width:113px;height:113px\" width=\"113\" height=\"113\"\/><\/figure><\/div>\n\n\n<h5 class=\"has-text-align-center has-color-62-color has-text-color wp-block-heading\">Schritt 1: Los geht&#8217;s<\/h5>\n\n\n\n<p class=\"has-text-align-center has-color-62-color has-text-color\">Sie entscheiden sich f\u00fcr eine aktive Matchingrunde und werden Partnerunternehmen von <strong>Matchbird<\/strong>, indem Sie ein Matchingkonto mit 3 Matches buchen. Nach Vertragsabschluss wird mit <strong>Matchbird<\/strong> eine spezielle Vertraulichkeitsvereinbarung zum Schutz des geistigen Eigentums geschlossen. So sind Ihre Daten und Gesch\u00e4ftsinhalte jederzeit sicher und gesch\u00fctzt.<\/p>\n<\/div>\n\n\n\n<div id=\"greyd-6a070f3f51b6b\" class=\"wp-block-greyd-box gs_9r3dcl greyd-content-box animate-when-almost-visible fadeInUp gs_9r3dcl\"><div class=\"wp-block-image\">\n<figure class=\"aligncenter size-full is-resized\"><img loading=\"lazy\" decoding=\"async\" src=\"http:\/\/5.78.41.184\/wp-content\/uploads\/2022\/10\/head-side-light.svg\" alt=\"\" class=\"wp-image-959\" style=\"width:113px;height:113px\" width=\"113\" height=\"113\"\/><\/figure><\/div>\n\n\n<h5 class=\"has-text-align-center has-color-62-color has-text-color wp-block-heading\">Schritt 2: Profil erstellen<\/h5>\n\n\n\n<p class=\"has-text-align-center has-color-62-color has-text-color\">Wir erstellen Ihr Unternehmensprofil und eine konkrete Zielvereinbarung, die jederzeit schnell und einfach ge\u00e4ndert, pr\u00e4zisiert oder erweitert werden kann. Von da an k\u00fcmmert sich ein Matching-Koordinator aus unserem Team um alle Ihre Matching-Anliegen und ist Ihr st\u00e4ndiger Ansprechpartner.<\/p>\n<\/div>\n\n\n\n<div id=\"greyd-6a070f3f51f18\" class=\"wp-block-greyd-box gs_2p7Eh0 greyd-content-box animate-when-almost-visible fadeInUp gs_2p7Eh0\"><div class=\"wp-block-image\">\n<figure class=\"aligncenter size-full is-resized\"><img loading=\"lazy\" decoding=\"async\" src=\"http:\/\/5.78.41.184\/wp-content\/uploads\/2022\/10\/bullseye-light.svg\" alt=\"\" class=\"wp-image-960\" style=\"width:113px;height:113px\" width=\"113\" height=\"113\"\/><\/figure><\/div>\n\n\n<h5 class=\"has-text-align-center has-color-62-color has-text-color wp-block-heading\">Schritt 3: Aktive Matching-Praxis und Kontaktvorschl\u00e4ge<\/h5>\n\n\n\n<p class=\"has-text-align-center has-color-62-color has-text-color\">Sie erhalten regelm\u00e4\u00dfig passende Vorschl\u00e4ge, die wir auf der Grundlage Ihres Profils und des angestrebten Rahmenvertrags erstellen. Alle Partner profitieren von der langj\u00e4hrigen Matching-Expertise des Teams und den Erfahrungen und Erkenntnissen aus vielen tausend gestarteten Matching-Prozessen sowie von der neuesten und st\u00e4ndig weiterentwickelten Data-Graph-Technologie.<br\/>Das einzigartige Matchbird-Prinzip sorgt f\u00fcr Dynamik in Innovationsprozessen und neue Optionen in der Gesch\u00e4ftsentwicklung. Vor allem die Einbeziehung des Serendipity-Prinzips soll die Chancen auf die Realisierung besonderer Ideen und disruptiver Ans\u00e4tze erh\u00f6hen.<\/p>\n<\/div>\n\n\n\n<div id=\"greyd-6a070f3f52332\" class=\"wp-block-greyd-box gs_oX2iD6 greyd-content-box animate-when-almost-visible fadeInUp gs_oX2iD6\"><div class=\"wp-block-image\">\n<figure class=\"aligncenter size-full is-resized\"><img loading=\"lazy\" decoding=\"async\" src=\"http:\/\/5.78.41.184\/wp-content\/uploads\/2022\/10\/comments-light.svg\" alt=\"\" class=\"wp-image-961\" style=\"width:141px;height:113px\" width=\"141\" height=\"113\"\/><\/figure><\/div>\n\n\n<h5 class=\"has-text-align-center has-color-62-color has-text-color wp-block-heading\">Schritt 4: Austausch mit dem Partnerunternehmen<\/h5>\n\n\n\n<p class=\"has-text-align-center has-color-62-color has-text-color\">In einem direkten und intensiven Austausch mit dem von uns vorgeschlagenen Partnerunternehmen besprechen Sie, wie die Zusammenarbeit gestaltet werden kann, oft unter Einbeziehung spezieller Experten aus den jeweiligen Fachbereichen.<\/p>\n<\/div>\n\n\n\n<div id=\"greyd-6a070f3f5272c\" class=\"wp-block-greyd-box gs_aWgGdk greyd-content-box animate-when-almost-visible fadeInUp gs_aWgGdk\"><div class=\"wp-block-image\">\n<figure class=\"aligncenter size-full is-resized\"><img loading=\"lazy\" decoding=\"async\" src=\"http:\/\/5.78.41.184\/wp-content\/uploads\/2022\/10\/thumbs-up-light.svg\" alt=\"\" class=\"wp-image-962\" style=\"width:113px;height:113px\" width=\"113\" height=\"113\"\/><\/figure><\/div>\n\n\n<h5 class=\"has-text-align-center has-color-62-color has-text-color wp-block-heading\">Schritt 5: Bewertung<\/h5>\n\n\n\n<p class=\"has-text-align-center has-color-62-color has-text-color\">Ob ein Matching-Prozess als MATCH oder NO-MATCH bewertet wird, entscheidet jede Matching-Partei f\u00fcr sich. <strong>Matchbird<\/strong> verzichtet bewusst auf Bewertungsregeln oder Bewertungsvorgaben im obligatorischen Bewertungsprozess und verl\u00e4sst sich auf die Fairness aller beteiligten Parteien.<\/p>\n<\/div>\n<\/div>\n<\/div>\n<\/div><\/div>\n<\/div>\n<\/div><div  class=\"row_wrap\">\n<div class=\"wp-block-columns row_xxl is-layout-flex wp-container-core-columns-is-layout-9d6595d7 wp-block-columns-is-layout-flex\">\n<div class=\"wp-block-column col-12 col-sm-auto is-layout-flow wp-block-column-is-layout-flow\"><div  class=\"row_wrap\">\n<div class=\"wp-block-columns row_xxl is-layout-flex wp-container-core-columns-is-layout-9d6595d7 wp-block-columns-is-layout-flex\">\n<div class=\"wp-block-column col-12 col-sm-auto is-layout-flow wp-block-column-is-layout-flow\"><div  class=\"spacer_wrap\" aria-hidden=\"true\"><div class=\"wp-block-spacer inner-sm\" style=\"height:calc(100px * 0.4)\" aria-hidden=\"true\"><\/div><div class=\"wp-block-spacer inner-md\" style=\"height:calc(100px * 0.6)\" aria-hidden=\"true\"><\/div><div class=\"wp-block-spacer inner-lg\" style=\"height:calc(100px * 0.8)\" aria-hidden=\"true\"><\/div><div class=\"wp-block-spacer inner-xl\" style=\"height:100px\" aria-hidden=\"true\"><\/div><\/div>\n\n\n<h2 class=\"has-text-align-center wp-block-heading\">Welche Matching-Ziele k\u00f6nnen Sie mit Matchbird verfolgen?<\/h2>\n\n\n\n<p class=\"has-text-align-center\">Wir unterst\u00fctzen unsere Partnerunternehmen nicht nur mit disruptiven, innovativen und kreativen Konzepten, die im Sinne der Serendipity v\u00f6llig neue M\u00f6glichkeiten f\u00fcr ihren Gesch\u00e4ftserfolg aufzeigen. Nat\u00fcrlich schaffen wir auch Verbindungen auf der Basis von klassischen Netzwerkkategorien und Kompetenz\u00fcberschneidungen.<\/p>\n\n\n<div  class=\"spacer_wrap\" aria-hidden=\"true\"><div class=\"wp-block-spacer inner-sm\" style=\"height:calc(100px * 0.4)\" aria-hidden=\"true\"><\/div><div class=\"wp-block-spacer inner-md\" style=\"height:calc(100px * 0.6)\" aria-hidden=\"true\"><\/div><div class=\"wp-block-spacer inner-lg\" style=\"height:calc(100px * 0.8)\" aria-hidden=\"true\"><\/div><div class=\"wp-block-spacer inner-xl\" style=\"height:100px\" aria-hidden=\"true\"><\/div><\/div>\n\n\n<h3 class=\"has-text-align-center wp-block-heading\">Unsere Matching Tags umfassen:<\/h3>\n\n\n<div  class=\"row_wrap\">\n<div class=\"wp-block-columns row_xxl is-layout-flex wp-container-core-columns-is-layout-9d6595d7 wp-block-columns-is-layout-flex\">\n<div class=\"wp-block-column col-12 is-layout-flow wp-block-column-is-layout-flow\" style=\"flex-basis:10%;width:10%\"><\/div>\n\n\n\n<div class=\"wp-block-column col-12 col-sm-auto offset-sm-0 is-layout-flow wp-block-column-is-layout-flow\">\n<div id=\"greyd-6a070f3f52f55\" class=\"wp-block-greyd-box gs_iPh8vV greyd-content-box animate-when-almost-visible fadeInUp gs_iPh8vV\">\n<h6 class=\"has-text-align-center has-color-62-color has-text-color wp-block-heading\" style=\"text-transform:uppercase\">Gesch\u00e4ftsentwicklung<\/h6>\n<\/div>\n\n\n\n<div id=\"greyd-6a070f3f5307e\" class=\"wp-block-greyd-box gs_NQYQMG greyd-content-box animate-when-almost-visible fadeInUp gs_NQYQMG\">\n<h6 class=\"has-text-align-center has-color-62-color has-text-color wp-block-heading\" style=\"text-transform:uppercase\">Forschung und Entwicklung<\/h6>\n<\/div>\n\n\n\n<div id=\"greyd-6a070f3f53174\" class=\"wp-block-greyd-box gs_jiyHEb greyd-content-box animate-when-almost-visible fadeInUp gs_jiyHEb\">\n<h6 class=\"has-text-align-center has-color-62-color has-text-color wp-block-heading\" style=\"text-transform:uppercase\">Fusionen und \u00dcbernahmen<\/h6>\n<\/div>\n<\/div>\n\n\n\n<div class=\"wp-block-column col-12 col-sm-auto offset-sm-0 is-layout-flow wp-block-column-is-layout-flow\">\n<div id=\"greyd-6a070f3f53313\" class=\"wp-block-greyd-box gs_SxgNwS greyd-content-box animate-when-almost-visible fadeInUp gs_SxgNwS\">\n<h6 class=\"has-text-align-center has-color-62-color has-text-color wp-block-heading\" style=\"text-transform:uppercase\">Nachhaltigkeit<\/h6>\n<\/div>\n\n\n\n<div id=\"greyd-6a070f3f53412\" class=\"wp-block-greyd-box gs_vIS5uD greyd-content-box gs_vIS5uD\">\n<h6 class=\"has-text-align-center has-color-62-color has-text-color wp-block-heading\" style=\"text-transform:uppercase\">Innovation<\/h6>\n<\/div>\n\n\n\n<div id=\"greyd-6a070f3f53500\" class=\"wp-block-greyd-box gs_TfVdb7 greyd-content-box animate-when-almost-visible fadeInUp gs_TfVdb7\">\n<h6 class=\"has-text-align-center has-color-62-color has-text-color wp-block-heading\" style=\"text-transform:uppercase\">Finanzierung<\/h6>\n<\/div>\n<\/div>\n\n\n\n<div class=\"wp-block-column col-12 col-sm-auto offset-sm-0 is-layout-flow wp-block-column-is-layout-flow\">\n<div id=\"greyd-6a070f3f53686\" class=\"wp-block-greyd-box gs_yuYIAG greyd-content-box animate-when-almost-visible fadeInUp gs_yuYIAG\">\n<h6 class=\"has-text-align-center has-color-62-color has-text-color wp-block-heading\" style=\"text-transform:uppercase\">Kooperationen<\/h6>\n<\/div>\n\n\n\n<div id=\"greyd-6a070f3f53776\" class=\"wp-block-greyd-box gs_bgaNJp greyd-content-box animate-when-almost-visible fadeInUp gs_bgaNJp\">\n<h6 class=\"has-text-align-center has-color-62-color has-text-color wp-block-heading\" style=\"text-transform:uppercase\">Umstrukturierung<\/h6>\n<\/div>\n\n\n\n<div id=\"greyd-6a070f3f53871\" class=\"wp-block-greyd-box gs_AIW0oR greyd-content-box animate-when-almost-visible fadeInUp gs_AIW0oR\">\n<h6 class=\"has-text-align-center has-color-62-color has-text-color wp-block-heading\" style=\"text-transform:uppercase\">Internationalisierung<\/h6>\n<\/div>\n<\/div>\n\n\n\n<div class=\"wp-block-column col-12 is-layout-flow wp-block-column-is-layout-flow\" style=\"flex-basis:10%;width:10%\"><\/div>\n<\/div>\n<\/div><\/div>\n<\/div>\n<\/div><\/div>\n<\/div>\n<\/div><div  class=\"row_wrap has-background\"><div id='bg_6a070f3f54013' class='greyd-background bg_full'>\n\t\t\t\t\t\t\t\t<div class='bg_color'><\/div>\n\t\t\t\t\t\t\t\t\n\t\t\t\t\t\t\t\t\n\t\t\t\t\t\t\t\t<div class='bg_seperator' style='opacity: 1;'><div class='sep_top' style='height: 60px; z-index: 0'><svg class=\"svg_mirror_y\" xmlns=\"http:\/\/www.w3.org\/2000\/svg\" version=\"1.1\" fill=\"#fff\" width=\"100%\" height=\"100%\" viewBox=\"0 0 4.66666 0.333331\" preserveAspectRatio=\"none\"><path class=\"fil0\" d=\"M-7.87402e-006 0.0148858l0.00234646 0c0.052689,0.0154094 0.554437,0.154539 1.51807,0.166524l0.267925 0c0.0227165,-0.00026378 0.0456102,-0.000582677 0.0687992,-0.001 1.1559,-0.0208465 2.34191,-0.147224 2.79148,-0.165524l0.0180591 0 0 0.166661 -7.87402e-006 0 0 0.151783 -4.66666 0 0 -0.151783 -7.87402e-006 0 0 -0.166661z\"\/><\/svg><\/div><\/div>\n\t\t\t\t\t\t\t<\/div>\n<div class=\"wp-block-columns row_xxl has-color-22-background-color has-background is-layout-flex wp-container-core-columns-is-layout-9d6595d7 wp-block-columns-is-layout-flex\">\n<div class=\"wp-block-column col-12 col-sm-auto is-layout-flow wp-block-column-is-layout-flow\"><div  class=\"row_wrap\">\n<div class=\"wp-block-columns row_xxl is-layout-flex wp-container-core-columns-is-layout-9d6595d7 wp-block-columns-is-layout-flex\">\n<div class=\"wp-block-column col-12 col-sm-auto is-layout-flow wp-block-column-is-layout-flow\"><div  class=\"spacer_wrap\" aria-hidden=\"true\"><div class=\"wp-block-spacer inner-sm\" style=\"height:calc(160px * 0.4)\" aria-hidden=\"true\"><\/div><div class=\"wp-block-spacer inner-md\" style=\"height:calc(160px * 0.6)\" aria-hidden=\"true\"><\/div><div class=\"wp-block-spacer inner-lg\" style=\"height:calc(160px * 0.8)\" aria-hidden=\"true\"><\/div><div class=\"wp-block-spacer inner-xl\" style=\"height:160px\" aria-hidden=\"true\"><\/div><\/div><\/div>\n<\/div>\n<\/div><\/div>\n<\/div>\n<\/div>","protected":false},"excerpt":{"rendered":"<p>Branchen\u00fcbergreifendesMatching Unsere Partner profitieren von unserer fundierten Matching-Expertise und unserem branchen\u00fcbergreifenden Wissen. Au\u00dferdem ist es kein Geheimnis, dass sich Unternehmen mit geeigneten Gesch\u00e4ftspartnern weiterentwickeln und wesentlich mehr erreichen als andere, die sich nur auf sich selbst konzentrieren. Die Serendipity-Matches von Matchbird sind gerade deshalb so besonders, weil sie nicht einfach auf Kontaktvermittlung setzen &#8211; sondern [&hellip;]<\/p>\n","protected":false},"author":1,"featured_media":0,"parent":0,"menu_order":0,"comment_status":"closed","ping_status":"closed","template":"","meta":{"greyd_block_editor_preview":[],"footnotes":""},"class_list":["post-1125","page","type-page","status-publish","hentry"],"_links":{"self":[{"href":"https:\/\/matchbird.com\/de\/wp-json\/wp\/v2\/pages\/1125","targetHints":{"allow":["GET"]}}],"collection":[{"href":"https:\/\/matchbird.com\/de\/wp-json\/wp\/v2\/pages"}],"about":[{"href":"https:\/\/matchbird.com\/de\/wp-json\/wp\/v2\/types\/page"}],"author":[{"embeddable":true,"href":"https:\/\/matchbird.com\/de\/wp-json\/wp\/v2\/users\/1"}],"replies":[{"embeddable":true,"href":"https:\/\/matchbird.com\/de\/wp-json\/wp\/v2\/comments?post=1125"}],"version-history":[{"count":32,"href":"https:\/\/matchbird.com\/de\/wp-json\/wp\/v2\/pages\/1125\/revisions"}],"predecessor-version":[{"id":1641,"href":"https:\/\/matchbird.com\/de\/wp-json\/wp\/v2\/pages\/1125\/revisions\/1641"}],"wp:attachment":[{"href":"https:\/\/matchbird.com\/de\/wp-json\/wp\/v2\/media?parent=1125"}],"curies":[{"name":"wp","href":"https:\/\/api.w.org\/{rel}","templated":true}]}}