{"id":1686,"date":"2022-10-14T13:49:21","date_gmt":"2022-10-14T13:49:21","guid":{"rendered":"http:\/\/5.78.41.184\/matching-en-la-practica\/"},"modified":"2024-02-07T14:20:47","modified_gmt":"2024-02-07T14:20:47","slug":"matching-en-la-practica","status":"publish","type":"page","link":"https:\/\/matchbird.com\/es\/matching-en-la-practica\/","title":{"rendered":"Matching en la pr\u00e1ctica"},"content":{"rendered":"\n<div id=\"greyd-69fc67f496f24\" class=\"wp-block-greyd-box gs_gBHzCd greyd-content-box gs_gBHzCd flex-justify-center has-background\"><div id='bg_69fc67f4967f1' class='greyd-background'>\n\t\t\t\t\t\t\t\t<div class='bg_image bg_vparallax'  data-bg_parallax_speed='-8' data-bg_parallax_enable_mobile='false' data-srcset='{\"150\":\"https:\\\/\\\/matchbird.com\\\/wp-content\\\/uploads\\\/2022\\\/10\\\/iStock-1285395672-scaled-1-150x150.jpg\",\"300\":\"https:\\\/\\\/matchbird.com\\\/wp-content\\\/uploads\\\/2022\\\/10\\\/iStock-1285395672-scaled-1-300x169.jpg\",\"768\":\"https:\\\/\\\/matchbird.com\\\/wp-content\\\/uploads\\\/2022\\\/10\\\/iStock-1285395672-scaled-1-768x432.jpg\",\"1024\":\"https:\\\/\\\/matchbird.com\\\/wp-content\\\/uploads\\\/2022\\\/10\\\/iStock-1285395672-scaled-1-1024x576.jpg\",\"1536\":\"https:\\\/\\\/matchbird.com\\\/wp-content\\\/uploads\\\/2022\\\/10\\\/iStock-1285395672-scaled-1-1536x864.jpg\",\"2048\":\"https:\\\/\\\/matchbird.com\\\/wp-content\\\/uploads\\\/2022\\\/10\\\/iStock-1285395672-scaled-1-2048x1152.jpg\",\"full\":\"https:\\\/\\\/matchbird.com\\\/wp-content\\\/uploads\\\/2022\\\/10\\\/iStock-1285395672-scaled-1.jpg\"}'><\/div>\n\t\t\t\t\t\t\t\t\n\t\t\t\t\t\t\t\t\n\t\t\t\t\t\t\t\t\n\t\t\t\t\t\t\t<\/div>\n<h1 class=\"has-text-align-center has-color-62-color has-text-color wp-block-heading\" style=\"font-size:48px;text-transform:uppercase\">Matching en la pr\u00e1ctica para<br\/>nuestros socios<\/h1>\n<\/div>\n<div  class=\"row_wrap\">\n<div class=\"wp-block-columns row_xxl is-layout-flex wp-container-core-columns-is-layout-9d6595d7 wp-block-columns-is-layout-flex\">\n<div class=\"wp-block-column col-12 col-sm-6 is-layout-flow wp-block-column-is-layout-flow\" style=\"flex-basis:66.7%;width:66.7%\"><div  class=\"spacer_wrap\" aria-hidden=\"true\"><div class=\"wp-block-spacer inner-sm\" style=\"height:calc(50px * 0.4)\" aria-hidden=\"true\"><\/div><div class=\"wp-block-spacer inner-md\" style=\"height:calc(50px * 0.6)\" aria-hidden=\"true\"><\/div><div class=\"wp-block-spacer inner-lg\" style=\"height:calc(50px * 0.8)\" aria-hidden=\"true\"><\/div><div class=\"wp-block-spacer inner-xl\" style=\"height:50px\" aria-hidden=\"true\"><\/div><\/div>\n\n\n<h2 class=\"wp-block-heading\">Matching<br\/>intersectorial<\/h2>\n\n\n\n<p>Nuestros socios se benefician de nuestra profunda experiencia estableciendo conexiones entre empresas y de nuestros conocimientos intersectoriales. Adem\u00e1s, no es ning\u00fan secreto que aquellas empresas con socios comerciales adecuados pueden desarrollarse y lograr mucho m\u00e1s que las que s\u00f3lo se concentran en s\u00ed mismas.<\/p>\n\n\n\n<p>Nuestros matches de serendipia son tan especiales precisamente porque no se basan simplemente en la intermediaci\u00f3n de contactos, sino en la creaci\u00f3n de redes sostenibles y orientadas a los objetivos de las empresas.<\/p>\n\n\n\n<p><strong>Nuestros matches de serendipia son tan especiales precisamente porque no se basan simplemente en la intermediaci\u00f3n de contactos, sino en la creaci\u00f3n de redes sostenibles y orientadas a los objetivos de las empresas.<\/strong><\/p>\n\n\n<div  class=\"spacer_wrap\" aria-hidden=\"true\"><div class=\"wp-block-spacer inner-sm\" style=\"height:calc(100px * 0.4)\" aria-hidden=\"true\"><\/div><div class=\"wp-block-spacer inner-md\" style=\"height:calc(100px * 0.6)\" aria-hidden=\"true\"><\/div><div class=\"wp-block-spacer inner-lg\" style=\"height:calc(100px * 0.8)\" aria-hidden=\"true\"><\/div><div class=\"wp-block-spacer inner-xl\" style=\"height:100px\" aria-hidden=\"true\"><\/div><\/div><\/div>\n\n\n\n<div class=\"wp-block-column col-12 col-sm-auto is-layout-flow wp-block-column-is-layout-flow\" style=\"flex-basis:33.3%;width:33.3%\"><\/div>\n<\/div>\n<\/div><div  class=\"row_wrap has-background\"><div id='bg_69fc67f497a56' class='greyd-background bg_full'>\n\t\t\t\t\t\t\t\t<div class='bg_color'><\/div>\n\t\t\t\t\t\t\t\t\n\t\t\t\t\t\t\t\t\n\t\t\t\t\t\t\t\t<div class='bg_seperator' style='opacity: 1;'><div class='sep_top' style='height: 148px; z-index: 0'><svg class=\"svg_mirror_y\" xmlns=\"http:\/\/www.w3.org\/2000\/svg\" version=\"1.1\" fill=\"#fff\" width=\"100%\" height=\"100%\" viewBox=\"0 0 4.66666 0.333331\" preserveAspectRatio=\"none\"><path class=\"fil0\" d=\"M-7.87402e-006 0.0148858l0.00234646 0c0.052689,0.0154094 0.554437,0.154539 1.51807,0.166524l0.267925 0c0.0227165,-0.00026378 0.0456102,-0.000582677 0.0687992,-0.001 1.1559,-0.0208465 2.34191,-0.147224 2.79148,-0.165524l0.0180591 0 0 0.166661 -7.87402e-006 0 0 0.151783 -4.66666 0 0 -0.151783 -7.87402e-006 0 0 -0.166661z\"\/><\/svg><\/div><\/div>\n\t\t\t\t\t\t\t<\/div>\n<div class=\"wp-block-columns row_xxl has-color-13-background-color has-background is-layout-flex wp-container-core-columns-is-layout-9d6595d7 wp-block-columns-is-layout-flex\">\n<div class=\"wp-block-column col-12 col-sm-auto is-layout-flow wp-block-column-is-layout-flow\"><div  class=\"spacer_wrap\" aria-hidden=\"true\"><div class=\"wp-block-spacer inner-sm\" style=\"height:calc(152px * 0.4)\" aria-hidden=\"true\"><\/div><div class=\"wp-block-spacer inner-md\" style=\"height:calc(152px * 0.6)\" aria-hidden=\"true\"><\/div><div class=\"wp-block-spacer inner-lg\" style=\"height:calc(152px * 0.8)\" aria-hidden=\"true\"><\/div><div class=\"wp-block-spacer inner-xl\" style=\"height:152px\" aria-hidden=\"true\"><\/div><\/div><\/div>\n<\/div>\n<\/div><div  class=\"row_wrap has-background\"><div id='bg_69fc67f4988f5' class='greyd-background bg_full'>\n\t\t\t\t\t\t\t\t<div class='bg_color'><\/div>\n\t\t\t\t\t\t\t\t\n\t\t\t\t\t\t\t\t\n\t\t\t\t\t\t\t\t\n\t\t\t\t\t\t\t<\/div>\n<div class=\"wp-block-columns row_xxl has-color-13-background-color has-background is-layout-flex wp-container-core-columns-is-layout-9d6595d7 wp-block-columns-is-layout-flex\">\n<div class=\"wp-block-column col-12 col-sm-auto is-layout-flow wp-block-column-is-layout-flow\"><div  class=\"row_wrap\">\n<div class=\"wp-block-columns row_xxl is-layout-flex wp-container-core-columns-is-layout-9d6595d7 wp-block-columns-is-layout-flex\">\n<div class=\"wp-block-column col-12 col-sm-auto is-layout-flow wp-block-column-is-layout-flow\"><div  class=\"spacer_wrap\" aria-hidden=\"true\"><div class=\"wp-block-spacer inner-sm\" style=\"height:calc(174px * 0.4)\" aria-hidden=\"true\"><\/div><div class=\"wp-block-spacer inner-md\" style=\"height:calc(174px * 0.6)\" aria-hidden=\"true\"><\/div><div class=\"wp-block-spacer inner-lg\" style=\"height:calc(174px * 0.8)\" aria-hidden=\"true\"><\/div><div class=\"wp-block-spacer inner-xl\" style=\"height:174px\" aria-hidden=\"true\"><\/div><\/div>\n\n\n<h2 class=\"wp-block-heading\">\u00bfQu\u00e9 es un match de<br\/>serendipia?<\/h2>\n\n\n\n<p>Aqu\u00ed un peque\u00f1o <strong>ejemplo en v\u00eddeo<\/strong> de nuestros procesos de Matching:<\/p>\n<\/div>\n\n\n\n<div class=\"wp-block-column col-12 col-sm-auto is-layout-flow wp-block-column-is-layout-flow\"><div  class=\"spacer_wrap\" aria-hidden=\"true\"><div class=\"wp-block-spacer inner-sm\" style=\"height:calc(112px * 0.4)\" aria-hidden=\"true\"><\/div><div class=\"wp-block-spacer inner-md\" style=\"height:calc(112px * 0.6)\" aria-hidden=\"true\"><\/div><div class=\"wp-block-spacer inner-lg\" style=\"height:calc(112px * 0.8)\" aria-hidden=\"true\"><\/div><div class=\"wp-block-spacer inner-xl\" style=\"height:112px\" aria-hidden=\"true\"><\/div><\/div>\n\n\n<figure class=\"wp-block-video\"><video controls=\"\" poster=\"http:\/\/5.78.41.184\/wp-content\/uploads\/2022\/10\/huumans3.png\" src=\"http:\/\/5.78.41.184\/wp-content\/uploads\/2022\/10\/Matchbird-Example-of-a-Match.mp4\"><\/video><\/figure>\n\n\n<div  class=\"spacer_wrap\" aria-hidden=\"true\"><div class=\"wp-block-spacer inner-sm\" style=\"height:calc(93px * 0.4)\" aria-hidden=\"true\"><\/div><div class=\"wp-block-spacer inner-md\" style=\"height:calc(93px * 0.6)\" aria-hidden=\"true\"><\/div><div class=\"wp-block-spacer inner-lg\" style=\"height:calc(93px * 0.8)\" aria-hidden=\"true\"><\/div><div class=\"wp-block-spacer inner-xl\" style=\"height:93px\" aria-hidden=\"true\"><\/div><\/div><\/div>\n<\/div>\n<\/div><\/div>\n<\/div>\n<\/div><div  class=\"row_wrap has-background\"><div id='bg_69fc67f498ad7' class='greyd-background bg_full'>\n\t\t\t\t\t\t\t\t<div class='bg_color'><\/div>\n\t\t\t\t\t\t\t\t\n\t\t\t\t\t\t\t\t\n\t\t\t\t\t\t\t\t<div class='bg_seperator' style='opacity: 1;'><div class='sep_bottom' style='height: 148px; z-index: 0'><svg class=\"svg_mirror_xy\" xmlns=\"http:\/\/www.w3.org\/2000\/svg\" version=\"1.1\" fill=\"#fff\" width=\"100%\" height=\"100%\" viewBox=\"0 0 4.66666 0.333331\" preserveAspectRatio=\"none\"><path class=\"fil0\" d=\"M-7.87402e-006 0.0148858l0.00234646 0c0.052689,0.0154094 0.554437,0.154539 1.51807,0.166524l0.267925 0c0.0227165,-0.00026378 0.0456102,-0.000582677 0.0687992,-0.001 1.1559,-0.0208465 2.34191,-0.147224 2.79148,-0.165524l0.0180591 0 0 0.166661 -7.87402e-006 0 0 0.151783 -4.66666 0 0 -0.151783 -7.87402e-006 0 0 -0.166661z\"\/><\/svg><\/div><\/div>\n\t\t\t\t\t\t\t<\/div>\n<div class=\"wp-block-columns row_xxl has-color-13-background-color has-background is-layout-flex wp-container-core-columns-is-layout-9d6595d7 wp-block-columns-is-layout-flex\">\n<div class=\"wp-block-column col-12 col-sm-auto is-layout-flow wp-block-column-is-layout-flow\"><div  class=\"spacer_wrap\" aria-hidden=\"true\"><div class=\"wp-block-spacer inner-sm\" style=\"height:calc(152px * 0.4)\" aria-hidden=\"true\"><\/div><div class=\"wp-block-spacer inner-md\" style=\"height:calc(152px * 0.6)\" aria-hidden=\"true\"><\/div><div class=\"wp-block-spacer inner-lg\" style=\"height:calc(152px * 0.8)\" aria-hidden=\"true\"><\/div><div class=\"wp-block-spacer inner-xl\" style=\"height:152px\" aria-hidden=\"true\"><\/div><\/div><\/div>\n<\/div>\n<\/div><div  class=\"row_wrap\">\n<div class=\"wp-block-columns row_xxl is-layout-flex wp-container-core-columns-is-layout-9d6595d7 wp-block-columns-is-layout-flex\">\n<div class=\"wp-block-column col-12 col-sm-auto is-layout-flow wp-block-column-is-layout-flow\"><div  class=\"row_wrap\">\n<div class=\"wp-block-columns row_xxl is-layout-flex wp-container-core-columns-is-layout-9d6595d7 wp-block-columns-is-layout-flex\">\n<div class=\"wp-block-column col-12 col-sm-10 offset-sm-0 offset-md-1 is-layout-flow wp-block-column-is-layout-flow\"><div  class=\"spacer_wrap\" aria-hidden=\"true\"><div class=\"wp-block-spacer inner-sm\" style=\"height:calc(128px * 0.4)\" aria-hidden=\"true\"><\/div><div class=\"wp-block-spacer inner-md\" style=\"height:calc(128px * 0.6)\" aria-hidden=\"true\"><\/div><div class=\"wp-block-spacer inner-lg\" style=\"height:calc(128px * 0.8)\" aria-hidden=\"true\"><\/div><div class=\"wp-block-spacer inner-xl\" style=\"height:128px\" aria-hidden=\"true\"><\/div><\/div>\n\n\n<h2 class=\"has-text-align-right wp-block-heading\">Matching en la pr\u00e1ctica<\/h2>\n\n\n\n<div id=\"greyd-69fc67f4995af\" class=\"wp-block-greyd-box gs_TlqBpB greyd-content-box animate-when-almost-visible fadeInUp gs_TlqBpB\"><div class=\"wp-block-image\">\n<figure class=\"aligncenter size-full is-resized\"><img loading=\"lazy\" decoding=\"async\" src=\"http:\/\/5.78.41.184\/wp-content\/uploads\/2022\/10\/rocket-light.svg\" alt=\"\" class=\"wp-image-958\" style=\"width:113px;height:113px\" width=\"113\" height=\"113\"\/><\/figure><\/div>\n\n\n<h5 class=\"has-text-align-center has-color-62-color has-text-color wp-block-heading\">Paso 1: \u00a1Comenzamos!<\/h5>\n\n\n\n<p class=\"has-text-align-center has-color-62-color has-text-color\">Usted se decide por una ronda de matching activa y se convierte en una empresa asociada a <strong>Matchbird<\/strong> abriendo una cuenta de tres matches. Tras la elaboraci\u00f3n del contrato, se firma un acuerdo especial de confidencialidad con <strong>Matchbird<\/strong> para la protecci\u00f3n de la propiedad intelectual. As\u00ed, los datos y el contenido de su empresa est\u00e1n seguros y protegidos en todo momento.<\/p>\n<\/div>\n\n\n\n<div id=\"greyd-69fc67f4999d7\" class=\"wp-block-greyd-box gs_9r3dcl greyd-content-box animate-when-almost-visible fadeInUp gs_9r3dcl\"><div class=\"wp-block-image\">\n<figure class=\"aligncenter size-full is-resized\"><img loading=\"lazy\" decoding=\"async\" src=\"http:\/\/5.78.41.184\/wp-content\/uploads\/2022\/10\/head-side-light.svg\" alt=\"\" class=\"wp-image-959\" style=\"width:113px;height:113px\" width=\"113\" height=\"113\"\/><\/figure><\/div>\n\n\n<h5 class=\"has-text-align-center has-color-62-color has-text-color wp-block-heading\">Paso 2: Realizaci\u00f3n del perfil<\/h5>\n\n\n\n<p class=\"has-text-align-center has-color-62-color has-text-color\">Creamos el perfil de su empresa y un acuerdo de objetivos concreto que puede modificarse, especificarse o ampliarse r\u00e1pida y f\u00e1cilmente en cualquier momento. A partir de ese momento, un coordinador de nuestro equipo se encargar\u00e1 de asistirle en todo lo referido al proceso de matching y ser\u00e1 su persona de contacto permanente.<\/p>\n<\/div>\n\n\n\n<div id=\"greyd-69fc67f499db3\" class=\"wp-block-greyd-box gs_2p7Eh0 greyd-content-box animate-when-almost-visible fadeInUp gs_2p7Eh0\"><div class=\"wp-block-image\">\n<figure class=\"aligncenter size-full is-resized\"><img loading=\"lazy\" decoding=\"async\" src=\"http:\/\/5.78.41.184\/wp-content\/uploads\/2022\/10\/bullseye-light.svg\" alt=\"\" class=\"wp-image-960\" style=\"width:113px;height:113px\" width=\"113\" height=\"113\"\/><\/figure><\/div>\n\n\n<h5 class=\"has-text-align-center has-color-62-color has-text-color wp-block-heading\">Paso 3: Pr\u00e1ctica activa de matching y sugerencias de contactos<\/h5>\n\n\n\n<p class=\"has-text-align-center has-color-62-color has-text-color\">Recibir\u00e1 peri\u00f3dicamente las propuestas de matches que generamos en funci\u00f3n de su perfil y acuerdo de objetivos. Todos los socios de Matchbird se benefician de los a\u00f1os de experiencia del equipo en materia de matching y de todos los conocimientos adquiridos en miles de procesos conectando diversas empresas, as\u00ed como de una moderna tecnolog\u00eda de datos en constante evoluci\u00f3n.<br\/>Matchbird se basa en un principio \u00fanico, garantizando dinamismo en los procesos de innovaci\u00f3n y nuevas posibilidades de desarrollo empresarial. Especialmente considerando el principio de la serendipia y c\u00f3mo este puede aumentar las posibilidades de realizar ideas extraordinarias y enfoques disruptivos.<\/p>\n<\/div>\n\n\n\n<div id=\"greyd-69fc67f49a179\" class=\"wp-block-greyd-box gs_oX2iD6 greyd-content-box animate-when-almost-visible fadeInUp gs_oX2iD6\"><div class=\"wp-block-image\">\n<figure class=\"aligncenter size-full is-resized\"><img loading=\"lazy\" decoding=\"async\" src=\"http:\/\/5.78.41.184\/wp-content\/uploads\/2022\/10\/comments-light.svg\" alt=\"\" class=\"wp-image-961\" style=\"width:141px;height:113px\" width=\"141\" height=\"113\"\/><\/figure><\/div>\n\n\n<h5 class=\"has-text-align-center has-color-62-color has-text-color wp-block-heading\">Paso 4: Intercambio con las empresas asociadas<\/h5>\n\n\n\n<p class=\"has-text-align-center has-color-62-color has-text-color\">En un intercambio directo e intensivo con la empresa asociada que le sugerimos, discutir\u00e1 c\u00f3mo podr\u00eda formarse una cooperaci\u00f3n, a menudo con la participaci\u00f3n de expertos de los departamentos correspondientes.<\/p>\n<\/div>\n\n\n\n<div id=\"greyd-69fc67f49a55b\" class=\"wp-block-greyd-box gs_aWgGdk greyd-content-box animate-when-almost-visible fadeInUp gs_aWgGdk\"><div class=\"wp-block-image\">\n<figure class=\"aligncenter size-full is-resized\"><img loading=\"lazy\" decoding=\"async\" src=\"http:\/\/5.78.41.184\/wp-content\/uploads\/2022\/10\/thumbs-up-light.svg\" alt=\"\" class=\"wp-image-962\" style=\"width:113px;height:113px\" width=\"113\" height=\"113\"\/><\/figure><\/div>\n\n\n<h5 class=\"has-text-align-center has-color-62-color has-text-color wp-block-heading\">Paso 5: Evaluaci\u00f3n<\/h5>\n\n\n\n<p class=\"has-text-align-center has-color-62-color has-text-color\">La evaluaci\u00f3n de un proceso de matching como MATCH o NO-MATCH lo decide cada contacto por s\u00ed mismo. <strong>Matchbird<\/strong> prescinde deliberadamente de normas o especificaciones en el proceso de evaluaci\u00f3n obligatoria y conf\u00eda en el criterio de todas las partes implicadas.<\/p>\n<\/div>\n<\/div>\n<\/div>\n<\/div><\/div>\n<\/div>\n<\/div><div  class=\"row_wrap\">\n<div class=\"wp-block-columns row_xxl is-layout-flex wp-container-core-columns-is-layout-9d6595d7 wp-block-columns-is-layout-flex\">\n<div class=\"wp-block-column col-12 col-sm-auto is-layout-flow wp-block-column-is-layout-flow\"><div  class=\"row_wrap\">\n<div class=\"wp-block-columns row_xxl is-layout-flex wp-container-core-columns-is-layout-9d6595d7 wp-block-columns-is-layout-flex\">\n<div class=\"wp-block-column col-12 col-sm-auto is-layout-flow wp-block-column-is-layout-flow\"><div  class=\"spacer_wrap\" aria-hidden=\"true\"><div class=\"wp-block-spacer inner-sm\" style=\"height:calc(100px * 0.4)\" aria-hidden=\"true\"><\/div><div class=\"wp-block-spacer inner-md\" style=\"height:calc(100px * 0.6)\" aria-hidden=\"true\"><\/div><div class=\"wp-block-spacer inner-lg\" style=\"height:calc(100px * 0.8)\" aria-hidden=\"true\"><\/div><div class=\"wp-block-spacer inner-xl\" style=\"height:100px\" aria-hidden=\"true\"><\/div><\/div>\n\n\n<h2 class=\"has-text-align-center wp-block-heading\">\u00bfQu\u00e9 objetivos de matching puedes perseguir con Matchbird?<\/h2>\n\n\n\n<p class=\"has-text-align-center\">No s\u00f3lo apoyamos a nuestras empresas asociadas con conceptos disruptivos, innovadores y creativos que ofrecen posibilidades completamente nuevas en el sentido de la serendipia para su \u00e9xito empresarial. Tambi\u00e9n creamos conexiones en base a categor\u00edas de networking cl\u00e1sicas y an\u00e1lisis de competencias.<\/p>\n\n\n<div  class=\"spacer_wrap\" aria-hidden=\"true\"><div class=\"wp-block-spacer inner-sm\" style=\"height:calc(100px * 0.4)\" aria-hidden=\"true\"><\/div><div class=\"wp-block-spacer inner-md\" style=\"height:calc(100px * 0.6)\" aria-hidden=\"true\"><\/div><div class=\"wp-block-spacer inner-lg\" style=\"height:calc(100px * 0.8)\" aria-hidden=\"true\"><\/div><div class=\"wp-block-spacer inner-xl\" style=\"height:100px\" aria-hidden=\"true\"><\/div><\/div>\n\n\n<h3 class=\"has-text-align-center wp-block-heading\">Nuestros Matching-Tags incluyen:<\/h3>\n\n\n<div  class=\"row_wrap\">\n<div class=\"wp-block-columns row_xxl is-layout-flex wp-container-core-columns-is-layout-9d6595d7 wp-block-columns-is-layout-flex\">\n<div class=\"wp-block-column col-12 is-layout-flow wp-block-column-is-layout-flow\" style=\"flex-basis:10%;width:10%\"><\/div>\n\n\n\n<div class=\"wp-block-column col-12 col-sm-auto offset-sm-0 is-layout-flow wp-block-column-is-layout-flow\">\n<div id=\"greyd-69fc67f49ad08\" class=\"wp-block-greyd-box gs_iPh8vV greyd-content-box animate-when-almost-visible fadeInUp gs_iPh8vV\">\n<h6 class=\"has-text-align-center has-color-62-color has-text-color wp-block-heading\" style=\"text-transform:uppercase\">Business development<\/h6>\n<\/div>\n\n\n\n<div id=\"greyd-69fc67f49ae0d\" class=\"wp-block-greyd-box gs_NQYQMG greyd-content-box animate-when-almost-visible fadeInUp gs_NQYQMG\">\n<h6 class=\"has-text-align-center has-color-62-color has-text-color wp-block-heading\" style=\"text-transform:uppercase\">Investigaci\u00f3n y desarrollo<\/h6>\n<\/div>\n\n\n\n<div id=\"greyd-69fc67f49af28\" class=\"wp-block-greyd-box gs_jiyHEb greyd-content-box animate-when-almost-visible fadeInUp gs_jiyHEb\">\n<h6 class=\"has-text-align-center has-color-62-color has-text-color wp-block-heading\" style=\"text-transform:uppercase\">Fusiones y adquisiciones (M&amp;A)<\/h6>\n<\/div>\n<\/div>\n\n\n\n<div class=\"wp-block-column col-12 col-sm-auto offset-sm-0 is-layout-flow wp-block-column-is-layout-flow\">\n<div id=\"greyd-69fc67f49b0d6\" class=\"wp-block-greyd-box gs_SxgNwS greyd-content-box animate-when-almost-visible fadeInUp gs_SxgNwS\">\n<h6 class=\"has-text-align-center has-color-62-color has-text-color wp-block-heading\" style=\"text-transform:uppercase\">Sustentabilidad<\/h6>\n<\/div>\n\n\n\n<div id=\"greyd-69fc67f49b1d1\" class=\"wp-block-greyd-box gs_vIS5uD greyd-content-box gs_vIS5uD\">\n<h6 class=\"has-text-align-center has-color-62-color has-text-color wp-block-heading\" style=\"text-transform:uppercase\">Innovaci\u00f3n<\/h6>\n<\/div>\n\n\n\n<div id=\"greyd-69fc67f49b2d2\" class=\"wp-block-greyd-box gs_TfVdb7 greyd-content-box animate-when-almost-visible fadeInUp gs_TfVdb7\">\n<h6 class=\"has-text-align-center has-color-62-color has-text-color wp-block-heading\" style=\"text-transform:uppercase\">Financiaci\u00f3n<\/h6>\n<\/div>\n<\/div>\n\n\n\n<div class=\"wp-block-column col-12 col-sm-auto offset-sm-0 is-layout-flow wp-block-column-is-layout-flow\">\n<div id=\"greyd-69fc67f49b46e\" class=\"wp-block-greyd-box gs_yuYIAG greyd-content-box animate-when-almost-visible fadeInUp gs_yuYIAG\">\n<h6 class=\"has-text-align-center has-color-62-color has-text-color wp-block-heading\" style=\"text-transform:uppercase\">Cooperaciones<\/h6>\n<\/div>\n\n\n\n<div id=\"greyd-69fc67f49b570\" class=\"wp-block-greyd-box gs_bgaNJp greyd-content-box animate-when-almost-visible fadeInUp gs_bgaNJp\">\n<h6 class=\"has-text-align-center has-color-62-color has-text-color wp-block-heading\" style=\"text-transform:uppercase\">Reestructuraci\u00f3n<\/h6>\n<\/div>\n\n\n\n<div id=\"greyd-69fc67f49b670\" class=\"wp-block-greyd-box gs_AIW0oR greyd-content-box animate-when-almost-visible fadeInUp gs_AIW0oR\">\n<h6 class=\"has-text-align-center has-color-62-color has-text-color wp-block-heading\" style=\"text-transform:uppercase\">Internacionalizaci\u00f3n<\/h6>\n<\/div>\n<\/div>\n\n\n\n<div class=\"wp-block-column col-12 is-layout-flow wp-block-column-is-layout-flow\" style=\"flex-basis:10%;width:10%\"><\/div>\n<\/div>\n<\/div><\/div>\n<\/div>\n<\/div><\/div>\n<\/div>\n<\/div><div  class=\"row_wrap has-background\"><div id='bg_69fc67f49bd01' class='greyd-background bg_full'>\n\t\t\t\t\t\t\t\t<div class='bg_color'><\/div>\n\t\t\t\t\t\t\t\t\n\t\t\t\t\t\t\t\t\n\t\t\t\t\t\t\t\t<div class='bg_seperator' style='opacity: 1;'><div class='sep_top' style='height: 60px; z-index: 0'><svg class=\"svg_mirror_y\" xmlns=\"http:\/\/www.w3.org\/2000\/svg\" version=\"1.1\" fill=\"#fff\" width=\"100%\" height=\"100%\" viewBox=\"0 0 4.66666 0.333331\" preserveAspectRatio=\"none\"><path class=\"fil0\" d=\"M-7.87402e-006 0.0148858l0.00234646 0c0.052689,0.0154094 0.554437,0.154539 1.51807,0.166524l0.267925 0c0.0227165,-0.00026378 0.0456102,-0.000582677 0.0687992,-0.001 1.1559,-0.0208465 2.34191,-0.147224 2.79148,-0.165524l0.0180591 0 0 0.166661 -7.87402e-006 0 0 0.151783 -4.66666 0 0 -0.151783 -7.87402e-006 0 0 -0.166661z\"\/><\/svg><\/div><\/div>\n\t\t\t\t\t\t\t<\/div>\n<div class=\"wp-block-columns row_xxl has-color-22-background-color has-background is-layout-flex wp-container-core-columns-is-layout-9d6595d7 wp-block-columns-is-layout-flex\">\n<div class=\"wp-block-column col-12 col-sm-auto is-layout-flow wp-block-column-is-layout-flow\"><div  class=\"row_wrap\">\n<div class=\"wp-block-columns row_xxl is-layout-flex wp-container-core-columns-is-layout-9d6595d7 wp-block-columns-is-layout-flex\">\n<div class=\"wp-block-column col-12 col-sm-auto is-layout-flow wp-block-column-is-layout-flow\"><div  class=\"spacer_wrap\" aria-hidden=\"true\"><div class=\"wp-block-spacer inner-sm\" style=\"height:calc(160px * 0.4)\" aria-hidden=\"true\"><\/div><div class=\"wp-block-spacer inner-md\" style=\"height:calc(160px * 0.6)\" aria-hidden=\"true\"><\/div><div class=\"wp-block-spacer inner-lg\" style=\"height:calc(160px * 0.8)\" aria-hidden=\"true\"><\/div><div class=\"wp-block-spacer inner-xl\" style=\"height:160px\" aria-hidden=\"true\"><\/div><\/div><\/div>\n<\/div>\n<\/div><\/div>\n<\/div>\n<\/div>","protected":false},"excerpt":{"rendered":"<p>Matchingintersectorial Nuestros socios se benefician de nuestra profunda experiencia estableciendo conexiones entre empresas y de nuestros conocimientos intersectoriales. Adem\u00e1s, no es ning\u00fan secreto que aquellas empresas con socios comerciales adecuados pueden desarrollarse y lograr mucho m\u00e1s que las que s\u00f3lo se concentran en s\u00ed mismas. Nuestros matches de serendipia son tan especiales precisamente porque no [&hellip;]<\/p>\n","protected":false},"author":1,"featured_media":0,"parent":0,"menu_order":0,"comment_status":"closed","ping_status":"closed","template":"","meta":{"greyd_block_editor_preview":[],"footnotes":""},"class_list":["post-1686","page","type-page","status-publish","hentry"],"_links":{"self":[{"href":"https:\/\/matchbird.com\/es\/wp-json\/wp\/v2\/pages\/1686","targetHints":{"allow":["GET"]}}],"collection":[{"href":"https:\/\/matchbird.com\/es\/wp-json\/wp\/v2\/pages"}],"about":[{"href":"https:\/\/matchbird.com\/es\/wp-json\/wp\/v2\/types\/page"}],"author":[{"embeddable":true,"href":"https:\/\/matchbird.com\/es\/wp-json\/wp\/v2\/users\/1"}],"replies":[{"embeddable":true,"href":"https:\/\/matchbird.com\/es\/wp-json\/wp\/v2\/comments?post=1686"}],"version-history":[{"count":3,"href":"https:\/\/matchbird.com\/es\/wp-json\/wp\/v2\/pages\/1686\/revisions"}],"predecessor-version":[{"id":1728,"href":"https:\/\/matchbird.com\/es\/wp-json\/wp\/v2\/pages\/1686\/revisions\/1728"}],"wp:attachment":[{"href":"https:\/\/matchbird.com\/es\/wp-json\/wp\/v2\/media?parent=1686"}],"curies":[{"name":"wp","href":"https:\/\/api.w.org\/{rel}","templated":true}]}}