{"id":1818,"date":"2022-10-14T21:01:03","date_gmt":"2022-10-14T21:01:03","guid":{"rendered":"http:\/\/5.78.41.184\/impressum\/"},"modified":"2024-02-07T19:20:03","modified_gmt":"2024-02-07T19:20:03","slug":"impressum","status":"publish","type":"page","link":"https:\/\/matchbird.com\/es\/impressum\/","title":{"rendered":"Impressum"},"content":{"rendered":"\n<div id=\"greyd-69f72def86c14\" class=\"wp-block-greyd-box gs_skPYy4 greyd-content-box gs_skPYy4 flex-justify-center has-background\">\n<h2 class=\"has-text-align-center has-color-62-color has-text-color wp-block-heading\" style=\"font-size:48px;text-transform:uppercase\">Impressum<\/h2>\n<\/div>\n<div  class=\"row_wrap\">\n<div class=\"wp-block-columns row_xxl is-layout-flex wp-container-core-columns-is-layout-9d6595d7 wp-block-columns-is-layout-flex\">\n<div class=\"wp-block-column col-12 col-sm-6 is-layout-flow wp-block-column-is-layout-flow\" style=\"flex-basis:66.7%;width:66.7%\"><div  class=\"spacer_wrap\" aria-hidden=\"true\"><div class=\"wp-block-spacer inner-sm\" style=\"height:calc(50px * 0.4)\" aria-hidden=\"true\"><\/div><div class=\"wp-block-spacer inner-md\" style=\"height:calc(50px * 0.6)\" aria-hidden=\"true\"><\/div><div class=\"wp-block-spacer inner-lg\" style=\"height:calc(50px * 0.8)\" aria-hidden=\"true\"><\/div><div class=\"wp-block-spacer inner-xl\" style=\"height:50px\" aria-hidden=\"true\"><\/div><\/div>\n\n\n<h2>Informaci\u00f3n conforme al art\u00edculo 5 de la TMG<\/h2>\n<p>Matchbird GmbH<br\/>\nZimmerstrasse 19<br\/>\n40215 Duesseldorf<\/p>\n\n<p>Registro mercantil: HRB 74347<br\/>\nTribunal de registro: Juzgado municipal de D\u00fcsseldorf<\/p>\n\n<p><strong>Representado por:<\/strong><br\/>\nMichael Kranz<\/p>\n\n<h2>Contacto<\/h2>\n<p>Tel\u00e9fono: +49 211 936716-0<br\/>\nCorreo electr\u00f3nico: info@matchbird.com<\/p>\n\n<h2>Identificaci\u00f3n fiscal<\/h2>\n<p>N\u00famero de identificaci\u00f3n fiscal con arreglo al art\u00edculo 27a de la Ley del impuesto sobre las ventas:<br\/>\nDE290671153<\/p>\n\n<h2>Responsabilidad editorial<\/h2>\n<p>Michael Kranz<\/p>\n\n<h2>Resoluci\u00f3n de litigios en la UE<\/h2>\n<p>La Comisi\u00f3n Europea ofrece una plataforma para la resoluci\u00f3n de litigios en l\u00ednea (OS): <a href=\"https:\/\/ec.europa.eu\/consumers\/odr\/\" target=\"_blank\" rel=\"noopener noreferrer\">https:\/\/ec.europa.eu\/consumers\/odr\/<\/a>.<br\/> Encontrar\u00e1 nuestra direcci\u00f3n de correo electr\u00f3nico en el aviso legal anterior.<\/p>\n\n<h2>Resoluci\u00f3n de litigios en materia de consumo\/centro de arbitraje universal<\/h2>\n<p>No estamos dispuestos ni obligados a participar en un procedimiento de resoluci\u00f3n de litigios ante una junta arbitral de consumo.<\/p>\n\n\n<div  class=\"spacer_wrap\" aria-hidden=\"true\"><div class=\"wp-block-spacer inner-sm\" style=\"height:calc(100px * 0.4)\" aria-hidden=\"true\"><\/div><div class=\"wp-block-spacer inner-md\" style=\"height:calc(100px * 0.6)\" aria-hidden=\"true\"><\/div><div class=\"wp-block-spacer inner-lg\" style=\"height:calc(100px * 0.8)\" aria-hidden=\"true\"><\/div><div class=\"wp-block-spacer inner-xl\" style=\"height:100px\" aria-hidden=\"true\"><\/div><\/div><\/div>\n\n\n\n<div class=\"wp-block-column col-12 col-sm-auto is-layout-flow wp-block-column-is-layout-flow\" style=\"flex-basis:33.3%;width:33.3%\"><\/div>\n<\/div>\n<\/div>","protected":false},"excerpt":{"rendered":"<p>Informaci\u00f3n conforme al art\u00edculo 5 de la TMG Matchbird GmbH Zimmerstrasse 19 40215 Duesseldorf Registro mercantil: HRB 74347 Tribunal de registro: Juzgado municipal de D\u00fcsseldorf Representado por: Michael Kranz Contacto Tel\u00e9fono: +49 211 936716-0 Correo electr\u00f3nico: info@matchbird.com Identificaci\u00f3n fiscal N\u00famero de identificaci\u00f3n fiscal con arreglo al art\u00edculo 27a de la Ley del impuesto sobre las [&hellip;]<\/p>\n","protected":false},"author":1,"featured_media":0,"parent":0,"menu_order":0,"comment_status":"closed","ping_status":"closed","template":"","meta":{"greyd_block_editor_preview":[],"footnotes":""},"class_list":["post-1818","page","type-page","status-publish","hentry"],"_links":{"self":[{"href":"https:\/\/matchbird.com\/es\/wp-json\/wp\/v2\/pages\/1818","targetHints":{"allow":["GET"]}}],"collection":[{"href":"https:\/\/matchbird.com\/es\/wp-json\/wp\/v2\/pages"}],"about":[{"href":"https:\/\/matchbird.com\/es\/wp-json\/wp\/v2\/types\/page"}],"author":[{"embeddable":true,"href":"https:\/\/matchbird.com\/es\/wp-json\/wp\/v2\/users\/1"}],"replies":[{"embeddable":true,"href":"https:\/\/matchbird.com\/es\/wp-json\/wp\/v2\/comments?post=1818"}],"version-history":[{"count":3,"href":"https:\/\/matchbird.com\/es\/wp-json\/wp\/v2\/pages\/1818\/revisions"}],"predecessor-version":[{"id":1840,"href":"https:\/\/matchbird.com\/es\/wp-json\/wp\/v2\/pages\/1818\/revisions\/1840"}],"wp:attachment":[{"href":"https:\/\/matchbird.com\/es\/wp-json\/wp\/v2\/media?parent=1818"}],"curies":[{"name":"wp","href":"https:\/\/api.w.org\/{rel}","templated":true}]}}