{"id":1766,"date":"2022-10-14T13:49:21","date_gmt":"2022-10-14T13:49:21","guid":{"rendered":"http:\/\/5.78.41.184\/matching-na-pratica\/"},"modified":"2024-02-07T15:14:53","modified_gmt":"2024-02-07T15:14:53","slug":"matching-na-pratica","status":"publish","type":"page","link":"https:\/\/matchbird.com\/pt-pt\/matching-na-pratica\/","title":{"rendered":"Matching na pr\u00e1tica"},"content":{"rendered":"\n<div id=\"greyd-69fc59c254404\" class=\"wp-block-greyd-box gs_gBHzCd greyd-content-box gs_gBHzCd flex-justify-center has-background\"><div id='bg_69fc59c253fdc' class='greyd-background'>\n\t\t\t\t\t\t\t\t<div class='bg_image bg_vparallax'  data-bg_parallax_speed='-8' data-bg_parallax_enable_mobile='false' data-srcset='{\"150\":\"https:\\\/\\\/matchbird.com\\\/wp-content\\\/uploads\\\/2022\\\/10\\\/iStock-1285395672-scaled-1-150x150.jpg\",\"300\":\"https:\\\/\\\/matchbird.com\\\/wp-content\\\/uploads\\\/2022\\\/10\\\/iStock-1285395672-scaled-1-300x169.jpg\",\"768\":\"https:\\\/\\\/matchbird.com\\\/wp-content\\\/uploads\\\/2022\\\/10\\\/iStock-1285395672-scaled-1-768x432.jpg\",\"1024\":\"https:\\\/\\\/matchbird.com\\\/wp-content\\\/uploads\\\/2022\\\/10\\\/iStock-1285395672-scaled-1-1024x576.jpg\",\"1536\":\"https:\\\/\\\/matchbird.com\\\/wp-content\\\/uploads\\\/2022\\\/10\\\/iStock-1285395672-scaled-1-1536x864.jpg\",\"2048\":\"https:\\\/\\\/matchbird.com\\\/wp-content\\\/uploads\\\/2022\\\/10\\\/iStock-1285395672-scaled-1-2048x1152.jpg\",\"full\":\"https:\\\/\\\/matchbird.com\\\/wp-content\\\/uploads\\\/2022\\\/10\\\/iStock-1285395672-scaled-1.jpg\"}'><\/div>\n\t\t\t\t\t\t\t\t\n\t\t\t\t\t\t\t\t\n\t\t\t\t\t\t\t\t\n\t\t\t\t\t\t\t<\/div>\n<h1 class=\"has-text-align-center has-color-62-color has-text-color wp-block-heading\" style=\"font-size:48px;text-transform:uppercase\">Matching na pr\u00e1tica para<br\/>os nossos parceiros<\/h1>\n<\/div>\n<div  class=\"row_wrap\">\n<div class=\"wp-block-columns row_xxl is-layout-flex wp-container-core-columns-is-layout-9d6595d7 wp-block-columns-is-layout-flex\">\n<div class=\"wp-block-column col-12 col-sm-6 is-layout-flow wp-block-column-is-layout-flow\" style=\"flex-basis:66.7%;width:66.7%\"><div  class=\"spacer_wrap\" aria-hidden=\"true\"><div class=\"wp-block-spacer inner-sm\" style=\"height:calc(50px * 0.4)\" aria-hidden=\"true\"><\/div><div class=\"wp-block-spacer inner-md\" style=\"height:calc(50px * 0.6)\" aria-hidden=\"true\"><\/div><div class=\"wp-block-spacer inner-lg\" style=\"height:calc(50px * 0.8)\" aria-hidden=\"true\"><\/div><div class=\"wp-block-spacer inner-xl\" style=\"height:50px\" aria-hidden=\"true\"><\/div><\/div>\n\n\n<h2 class=\"wp-block-heading\">Matching<br\/>intersectorial<\/h2>\n\n\n\n<p>Os nossos parceiros beneficiam da nossa profunda experi\u00eancia no estabelecimento de liga\u00e7\u00f5es entre empresas e da nossa experi\u00eancia intersectorial. Al\u00e9m disso, n\u00e3o \u00e9 segredo que as empresas com os parceiros comerciais certos podem desenvolver-se e alcan\u00e7ar muito mais do que aquelas que se concentram apenas em si pr\u00f3prias.<\/p>\n\n\n\n<p>Os nossos encontros de serendipidade s\u00e3o t\u00e3o especiais precisamente porque n\u00e3o se baseiam simplesmente na intermedia\u00e7\u00e3o de contactos, mas na cria\u00e7\u00e3o de redes sustent\u00e1veis e orientadas para objetivos das empresas.<\/p>\n\n\n\n<p><strong>Isto implica, frequentemente, o desenvolvimento de ideias disruptivas para e com os nossos parceiros, que podem definir impulsos ou tend\u00eancias completamente novas.<\/strong><\/p>\n\n\n<div  class=\"spacer_wrap\" aria-hidden=\"true\"><div class=\"wp-block-spacer inner-sm\" style=\"height:calc(100px * 0.4)\" aria-hidden=\"true\"><\/div><div class=\"wp-block-spacer inner-md\" style=\"height:calc(100px * 0.6)\" aria-hidden=\"true\"><\/div><div class=\"wp-block-spacer inner-lg\" style=\"height:calc(100px * 0.8)\" aria-hidden=\"true\"><\/div><div class=\"wp-block-spacer inner-xl\" style=\"height:100px\" aria-hidden=\"true\"><\/div><\/div><\/div>\n\n\n\n<div class=\"wp-block-column col-12 col-sm-auto is-layout-flow wp-block-column-is-layout-flow\" style=\"flex-basis:33.3%;width:33.3%\"><\/div>\n<\/div>\n<\/div><div  class=\"row_wrap has-background\"><div id='bg_69fc59c254b6f' class='greyd-background bg_full'>\n\t\t\t\t\t\t\t\t<div class='bg_color'><\/div>\n\t\t\t\t\t\t\t\t\n\t\t\t\t\t\t\t\t\n\t\t\t\t\t\t\t\t<div class='bg_seperator' style='opacity: 1;'><div class='sep_top' style='height: 148px; z-index: 0'><svg class=\"svg_mirror_y\" xmlns=\"http:\/\/www.w3.org\/2000\/svg\" version=\"1.1\" fill=\"#fff\" width=\"100%\" height=\"100%\" viewBox=\"0 0 4.66666 0.333331\" preserveAspectRatio=\"none\"><path class=\"fil0\" d=\"M-7.87402e-006 0.0148858l0.00234646 0c0.052689,0.0154094 0.554437,0.154539 1.51807,0.166524l0.267925 0c0.0227165,-0.00026378 0.0456102,-0.000582677 0.0687992,-0.001 1.1559,-0.0208465 2.34191,-0.147224 2.79148,-0.165524l0.0180591 0 0 0.166661 -7.87402e-006 0 0 0.151783 -4.66666 0 0 -0.151783 -7.87402e-006 0 0 -0.166661z\"\/><\/svg><\/div><\/div>\n\t\t\t\t\t\t\t<\/div>\n<div class=\"wp-block-columns row_xxl has-color-13-background-color has-background is-layout-flex wp-container-core-columns-is-layout-9d6595d7 wp-block-columns-is-layout-flex\">\n<div class=\"wp-block-column col-12 col-sm-auto is-layout-flow wp-block-column-is-layout-flow\"><div  class=\"spacer_wrap\" aria-hidden=\"true\"><div class=\"wp-block-spacer inner-sm\" style=\"height:calc(152px * 0.4)\" aria-hidden=\"true\"><\/div><div class=\"wp-block-spacer inner-md\" style=\"height:calc(152px * 0.6)\" aria-hidden=\"true\"><\/div><div class=\"wp-block-spacer inner-lg\" style=\"height:calc(152px * 0.8)\" aria-hidden=\"true\"><\/div><div class=\"wp-block-spacer inner-xl\" style=\"height:152px\" aria-hidden=\"true\"><\/div><\/div><\/div>\n<\/div>\n<\/div><div  class=\"row_wrap has-background\"><div id='bg_69fc59c2557e6' class='greyd-background bg_full'>\n\t\t\t\t\t\t\t\t<div class='bg_color'><\/div>\n\t\t\t\t\t\t\t\t\n\t\t\t\t\t\t\t\t\n\t\t\t\t\t\t\t\t\n\t\t\t\t\t\t\t<\/div>\n<div class=\"wp-block-columns row_xxl has-color-13-background-color has-background is-layout-flex wp-container-core-columns-is-layout-9d6595d7 wp-block-columns-is-layout-flex\">\n<div class=\"wp-block-column col-12 col-sm-auto is-layout-flow wp-block-column-is-layout-flow\"><div  class=\"row_wrap\">\n<div class=\"wp-block-columns row_xxl is-layout-flex wp-container-core-columns-is-layout-9d6595d7 wp-block-columns-is-layout-flex\">\n<div class=\"wp-block-column col-12 col-sm-auto is-layout-flow wp-block-column-is-layout-flow\"><div  class=\"spacer_wrap\" aria-hidden=\"true\"><div class=\"wp-block-spacer inner-sm\" style=\"height:calc(174px * 0.4)\" aria-hidden=\"true\"><\/div><div class=\"wp-block-spacer inner-md\" style=\"height:calc(174px * 0.6)\" aria-hidden=\"true\"><\/div><div class=\"wp-block-spacer inner-lg\" style=\"height:calc(174px * 0.8)\" aria-hidden=\"true\"><\/div><div class=\"wp-block-spacer inner-xl\" style=\"height:174px\" aria-hidden=\"true\"><\/div><\/div>\n\n\n<h2 class=\"wp-block-heading\">O que \u00e9 um match<br\/>de serendipidade?<\/h2>\n\n\n\n<p>Aqui est\u00e1 um pequeno <strong>exemplo em v\u00eddeo<\/strong> dos nossos processos de matching:<\/p>\n<\/div>\n\n\n\n<div class=\"wp-block-column col-12 col-sm-auto is-layout-flow wp-block-column-is-layout-flow\"><div  class=\"spacer_wrap\" aria-hidden=\"true\"><div class=\"wp-block-spacer inner-sm\" style=\"height:calc(112px * 0.4)\" aria-hidden=\"true\"><\/div><div class=\"wp-block-spacer inner-md\" style=\"height:calc(112px * 0.6)\" aria-hidden=\"true\"><\/div><div class=\"wp-block-spacer inner-lg\" style=\"height:calc(112px * 0.8)\" aria-hidden=\"true\"><\/div><div class=\"wp-block-spacer inner-xl\" style=\"height:112px\" aria-hidden=\"true\"><\/div><\/div>\n\n\n<figure class=\"wp-block-video\"><video controls=\"\" poster=\"http:\/\/5.78.41.184\/wp-content\/uploads\/2022\/10\/huumans3.png\" src=\"http:\/\/5.78.41.184\/wp-content\/uploads\/2022\/10\/Matchbird-Example-of-a-Match.mp4\"><\/video><\/figure>\n\n\n<div  class=\"spacer_wrap\" aria-hidden=\"true\"><div class=\"wp-block-spacer inner-sm\" style=\"height:calc(93px * 0.4)\" aria-hidden=\"true\"><\/div><div class=\"wp-block-spacer inner-md\" style=\"height:calc(93px * 0.6)\" aria-hidden=\"true\"><\/div><div class=\"wp-block-spacer inner-lg\" style=\"height:calc(93px * 0.8)\" aria-hidden=\"true\"><\/div><div class=\"wp-block-spacer inner-xl\" style=\"height:93px\" aria-hidden=\"true\"><\/div><\/div><\/div>\n<\/div>\n<\/div><\/div>\n<\/div>\n<\/div><div  class=\"row_wrap has-background\"><div id='bg_69fc59c2559c3' class='greyd-background bg_full'>\n\t\t\t\t\t\t\t\t<div class='bg_color'><\/div>\n\t\t\t\t\t\t\t\t\n\t\t\t\t\t\t\t\t\n\t\t\t\t\t\t\t\t<div class='bg_seperator' style='opacity: 1;'><div class='sep_bottom' style='height: 148px; z-index: 0'><svg class=\"svg_mirror_xy\" xmlns=\"http:\/\/www.w3.org\/2000\/svg\" version=\"1.1\" fill=\"#fff\" width=\"100%\" height=\"100%\" viewBox=\"0 0 4.66666 0.333331\" preserveAspectRatio=\"none\"><path class=\"fil0\" d=\"M-7.87402e-006 0.0148858l0.00234646 0c0.052689,0.0154094 0.554437,0.154539 1.51807,0.166524l0.267925 0c0.0227165,-0.00026378 0.0456102,-0.000582677 0.0687992,-0.001 1.1559,-0.0208465 2.34191,-0.147224 2.79148,-0.165524l0.0180591 0 0 0.166661 -7.87402e-006 0 0 0.151783 -4.66666 0 0 -0.151783 -7.87402e-006 0 0 -0.166661z\"\/><\/svg><\/div><\/div>\n\t\t\t\t\t\t\t<\/div>\n<div class=\"wp-block-columns row_xxl has-color-13-background-color has-background is-layout-flex wp-container-core-columns-is-layout-9d6595d7 wp-block-columns-is-layout-flex\">\n<div class=\"wp-block-column col-12 col-sm-auto is-layout-flow wp-block-column-is-layout-flow\"><div  class=\"spacer_wrap\" aria-hidden=\"true\"><div class=\"wp-block-spacer inner-sm\" style=\"height:calc(152px * 0.4)\" aria-hidden=\"true\"><\/div><div class=\"wp-block-spacer inner-md\" style=\"height:calc(152px * 0.6)\" aria-hidden=\"true\"><\/div><div class=\"wp-block-spacer inner-lg\" style=\"height:calc(152px * 0.8)\" aria-hidden=\"true\"><\/div><div class=\"wp-block-spacer inner-xl\" style=\"height:152px\" aria-hidden=\"true\"><\/div><\/div><\/div>\n<\/div>\n<\/div><div  class=\"row_wrap\">\n<div class=\"wp-block-columns row_xxl is-layout-flex wp-container-core-columns-is-layout-9d6595d7 wp-block-columns-is-layout-flex\">\n<div class=\"wp-block-column col-12 col-sm-auto is-layout-flow wp-block-column-is-layout-flow\"><div  class=\"row_wrap\">\n<div class=\"wp-block-columns row_xxl is-layout-flex wp-container-core-columns-is-layout-9d6595d7 wp-block-columns-is-layout-flex\">\n<div class=\"wp-block-column col-12 col-sm-10 offset-sm-0 offset-md-1 is-layout-flow wp-block-column-is-layout-flow\"><div  class=\"spacer_wrap\" aria-hidden=\"true\"><div class=\"wp-block-spacer inner-sm\" style=\"height:calc(128px * 0.4)\" aria-hidden=\"true\"><\/div><div class=\"wp-block-spacer inner-md\" style=\"height:calc(128px * 0.6)\" aria-hidden=\"true\"><\/div><div class=\"wp-block-spacer inner-lg\" style=\"height:calc(128px * 0.8)\" aria-hidden=\"true\"><\/div><div class=\"wp-block-spacer inner-xl\" style=\"height:128px\" aria-hidden=\"true\"><\/div><\/div>\n\n\n<h2 class=\"has-text-align-right wp-block-heading\">Matching na pr\u00e1ctica<\/h2>\n\n\n\n<div id=\"greyd-69fc59c2564db\" class=\"wp-block-greyd-box gs_TlqBpB greyd-content-box animate-when-almost-visible fadeInUp gs_TlqBpB\"><div class=\"wp-block-image\">\n<figure class=\"aligncenter size-full is-resized\"><img loading=\"lazy\" decoding=\"async\" src=\"http:\/\/5.78.41.184\/wp-content\/uploads\/2022\/10\/rocket-light.svg\" alt=\"\" class=\"wp-image-958\" style=\"width:113px;height:113px\" width=\"113\" height=\"113\"\/><\/figure><\/div>\n\n\n<h5 class=\"has-text-align-center has-color-62-color has-text-color wp-block-heading\">Passo 1: Vamos come\u00e7ar!<\/h5>\n\n\n\n<p class=\"has-text-align-center has-color-62-color has-text-color\">Decide-se por uma s\u00e9rie de matching ativa e torna-se uma empresa parceira da <strong>Matchbird<\/strong> abrindo uma conta de tr\u00eas matches. Ap\u00f3s a elabora\u00e7\u00e3o do contrato, \u00e9 assinado um acordo de confidencialidade especial com a <strong>Matchbird<\/strong> para a prote\u00e7\u00e3o da propriedade intelectual. Assim, os dados e o conte\u00fado da sua empresa est\u00e3o seguros e protegidos em todos os momentos.<\/p>\n<\/div>\n\n\n\n<div id=\"greyd-69fc59c2568cc\" class=\"wp-block-greyd-box gs_9r3dcl greyd-content-box animate-when-almost-visible fadeInUp gs_9r3dcl\"><div class=\"wp-block-image\">\n<figure class=\"aligncenter size-full is-resized\"><img loading=\"lazy\" decoding=\"async\" src=\"http:\/\/5.78.41.184\/wp-content\/uploads\/2022\/10\/head-side-light.svg\" alt=\"\" class=\"wp-image-959\" style=\"width:113px;height:113px\" width=\"113\" height=\"113\"\/><\/figure><\/div>\n\n\n<h5 class=\"has-text-align-center has-color-62-color has-text-color wp-block-heading\">Passo 2: Cria\u00e7\u00e3o de perfil<\/h5>\n\n\n\n<p class=\"has-text-align-center has-color-62-color has-text-color\">Criamos o perfil da sua empresa e um acordo de objetivos concreto que pode ser r\u00e1pido e facilmente modificado, especificado ou alargado em qualquer altura. A partir desse momento, um coordenador da nossa equipa ir\u00e1 acompanh\u00e1-lo em todos os aspetos do processo de matching e ser\u00e1 a sua pessoa de contacto permanente.<\/p>\n<\/div>\n\n\n\n<div id=\"greyd-69fc59c256c8d\" class=\"wp-block-greyd-box gs_2p7Eh0 greyd-content-box animate-when-almost-visible fadeInUp gs_2p7Eh0\"><div class=\"wp-block-image\">\n<figure class=\"aligncenter size-full is-resized\"><img loading=\"lazy\" decoding=\"async\" src=\"http:\/\/5.78.41.184\/wp-content\/uploads\/2022\/10\/bullseye-light.svg\" alt=\"\" class=\"wp-image-960\" style=\"width:113px;height:113px\" width=\"113\" height=\"113\"\/><\/figure><\/div>\n\n\n<h5 class=\"has-text-align-center has-color-62-color has-text-color wp-block-heading\">Passo 3: Pr\u00e1tica de matching ativa e sugest\u00f5es de contacto<\/h5>\n\n\n\n<p class=\"has-text-align-center has-color-62-color has-text-color\">Receber\u00e1 regularmente propostas de matches geradas por n\u00f3s com base no seu perfil e acordo de objetivos. Todos os parceiros da Matchbird beneficiam dos anos de experi\u00eancia da equipa em matching e de todo o conhecimento adquirido em milhares de processos que ligam diferentes empresas, bem como de uma moderna tecnologia de dados em constante evolu\u00e7\u00e3o.<br\/>A Matchbird baseia-se num princ\u00edpio \u00fanico, garantindo dinamismo nos processos de inova\u00e7\u00e3o e novas possibilidades de desenvolvimento de neg\u00f3cios. Especialmente considerando o princ\u00edpio da serendipidade e como este pode aumentar as hip\u00f3teses de concretizar ideias extraordin\u00e1rias e abordagens disruptivas.<\/p>\n<\/div>\n\n\n\n<div id=\"greyd-69fc59c25709c\" class=\"wp-block-greyd-box gs_oX2iD6 greyd-content-box animate-when-almost-visible fadeInUp gs_oX2iD6\"><div class=\"wp-block-image\">\n<figure class=\"aligncenter size-full is-resized\"><img loading=\"lazy\" decoding=\"async\" src=\"http:\/\/5.78.41.184\/wp-content\/uploads\/2022\/10\/comments-light.svg\" alt=\"\" class=\"wp-image-961\" style=\"width:141px;height:113px\" width=\"141\" height=\"113\"\/><\/figure><\/div>\n\n\n<h5 class=\"has-text-align-center has-color-62-color has-text-color wp-block-heading\">Passo 4: Interc\u00e2mbio com empresas parceiras<\/h5>\n\n\n\n<p class=\"has-text-align-center has-color-62-color has-text-color\">Num interc\u00e2mbio direto e intensivo com a empresa parceira que sugerimos, discutir\u00e1 a forma como uma coopera\u00e7\u00e3o pode ser formada, muitas vezes com a participa\u00e7\u00e3o de especialistas dos departamentos relevantes.<\/p>\n<\/div>\n\n\n\n<div id=\"greyd-69fc59c2574ac\" class=\"wp-block-greyd-box gs_aWgGdk greyd-content-box animate-when-almost-visible fadeInUp gs_aWgGdk\"><div class=\"wp-block-image\">\n<figure class=\"aligncenter size-full is-resized\"><img loading=\"lazy\" decoding=\"async\" src=\"http:\/\/5.78.41.184\/wp-content\/uploads\/2022\/10\/thumbs-up-light.svg\" alt=\"\" class=\"wp-image-962\" style=\"width:113px;height:113px\" width=\"113\" height=\"113\"\/><\/figure><\/div>\n\n\n<h5 class=\"has-text-align-center has-color-62-color has-text-color wp-block-heading\">Passo 5: Avalia\u00e7\u00e3o<\/h5>\n\n\n\n<p class=\"has-text-align-center has-color-62-color has-text-color\">A avalia\u00e7\u00e3o de um processo de matching como MATCH ou NO-MATCH \u00e9 decidida por cada contacto em si. A <strong>Matchbird<\/strong> dispensa deliberadamente regras ou especifica\u00e7\u00f5es no processo de avalia\u00e7\u00e3o obrigat\u00f3rio e confia nos crit\u00e9rios de julgamento de todas as partes envolvidas.<\/p>\n<\/div>\n<\/div>\n<\/div>\n<\/div><\/div>\n<\/div>\n<\/div><div  class=\"row_wrap\">\n<div class=\"wp-block-columns row_xxl is-layout-flex wp-container-core-columns-is-layout-9d6595d7 wp-block-columns-is-layout-flex\">\n<div class=\"wp-block-column col-12 col-sm-auto is-layout-flow wp-block-column-is-layout-flow\"><div  class=\"row_wrap\">\n<div class=\"wp-block-columns row_xxl is-layout-flex wp-container-core-columns-is-layout-9d6595d7 wp-block-columns-is-layout-flex\">\n<div class=\"wp-block-column col-12 col-sm-auto is-layout-flow wp-block-column-is-layout-flow\"><div  class=\"spacer_wrap\" aria-hidden=\"true\"><div class=\"wp-block-spacer inner-sm\" style=\"height:calc(100px * 0.4)\" aria-hidden=\"true\"><\/div><div class=\"wp-block-spacer inner-md\" style=\"height:calc(100px * 0.6)\" aria-hidden=\"true\"><\/div><div class=\"wp-block-spacer inner-lg\" style=\"height:calc(100px * 0.8)\" aria-hidden=\"true\"><\/div><div class=\"wp-block-spacer inner-xl\" style=\"height:100px\" aria-hidden=\"true\"><\/div><\/div>\n\n\n<h2 class=\"has-text-align-center wp-block-heading\">Que objetivos de matching podem ser prosseguidos com a Matchbird?<\/h2>\n\n\n\n<p class=\"has-text-align-center\">N\u00e3o s\u00f3 apoiamos as nossas empresas parceiras com conceitos disruptivos, inovadores e criativos que oferecem possibilidades completamente novas no sentido de serendipidade para o seu sucesso empresarial. Tamb\u00e9m criamos liga\u00e7\u00f5es com base em categorias cl\u00e1ssicas de redes e an\u00e1lises de compet\u00eancias.<\/p>\n\n\n<div  class=\"spacer_wrap\" aria-hidden=\"true\"><div class=\"wp-block-spacer inner-sm\" style=\"height:calc(100px * 0.4)\" aria-hidden=\"true\"><\/div><div class=\"wp-block-spacer inner-md\" style=\"height:calc(100px * 0.6)\" aria-hidden=\"true\"><\/div><div class=\"wp-block-spacer inner-lg\" style=\"height:calc(100px * 0.8)\" aria-hidden=\"true\"><\/div><div class=\"wp-block-spacer inner-xl\" style=\"height:100px\" aria-hidden=\"true\"><\/div><\/div>\n\n\n<h3 class=\"has-text-align-center wp-block-heading\">As nossas etiquetas de matching incluem:<\/h3>\n\n\n<div  class=\"row_wrap\">\n<div class=\"wp-block-columns row_xxl is-layout-flex wp-container-core-columns-is-layout-9d6595d7 wp-block-columns-is-layout-flex\">\n<div class=\"wp-block-column col-12 is-layout-flow wp-block-column-is-layout-flow\" style=\"flex-basis:10%;width:10%\"><\/div>\n\n\n\n<div class=\"wp-block-column col-12 col-sm-auto offset-sm-0 is-layout-flow wp-block-column-is-layout-flow\">\n<div id=\"greyd-69fc59c257c8a\" class=\"wp-block-greyd-box gs_iPh8vV greyd-content-box animate-when-almost-visible fadeInUp gs_iPh8vV\">\n<h6 class=\"has-text-align-center has-color-62-color has-text-color wp-block-heading\" style=\"text-transform:uppercase\">Desenvolvimento empresarial<\/h6>\n<\/div>\n\n\n\n<div id=\"greyd-69fc59c257da4\" class=\"wp-block-greyd-box gs_NQYQMG greyd-content-box animate-when-almost-visible fadeInUp gs_NQYQMG\">\n<h6 class=\"has-text-align-center has-color-62-color has-text-color wp-block-heading\" style=\"text-transform:uppercase\">Investiga\u00e7\u00e3o e desenvolvimento<\/h6>\n<\/div>\n\n\n\n<div id=\"greyd-69fc59c257ebe\" class=\"wp-block-greyd-box gs_jiyHEb greyd-content-box animate-when-almost-visible fadeInUp gs_jiyHEb\">\n<h6 class=\"has-text-align-center has-color-62-color has-text-color wp-block-heading\" style=\"text-transform:uppercase\">Fus\u00f5es e aquisi\u00e7\u00f5es<\/h6>\n<\/div>\n<\/div>\n\n\n\n<div class=\"wp-block-column col-12 col-sm-auto offset-sm-0 is-layout-flow wp-block-column-is-layout-flow\">\n<div id=\"greyd-69fc59c258068\" class=\"wp-block-greyd-box gs_SxgNwS greyd-content-box animate-when-almost-visible fadeInUp gs_SxgNwS\">\n<h6 class=\"has-text-align-center has-color-62-color has-text-color wp-block-heading\" style=\"text-transform:uppercase\">Sustentabilidade<\/h6>\n<\/div>\n\n\n\n<div id=\"greyd-69fc59c258161\" class=\"wp-block-greyd-box gs_vIS5uD greyd-content-box gs_vIS5uD\">\n<h6 class=\"has-text-align-center has-color-62-color has-text-color wp-block-heading\" style=\"text-transform:uppercase\">Inova\u00e7\u00e3o<\/h6>\n<\/div>\n\n\n\n<div id=\"greyd-69fc59c258279\" class=\"wp-block-greyd-box gs_TfVdb7 greyd-content-box animate-when-almost-visible fadeInUp gs_TfVdb7\">\n<h6 class=\"has-text-align-center has-color-62-color has-text-color wp-block-heading\" style=\"text-transform:uppercase\">Financiamento<\/h6>\n<\/div>\n<\/div>\n\n\n\n<div class=\"wp-block-column col-12 col-sm-auto offset-sm-0 is-layout-flow wp-block-column-is-layout-flow\">\n<div id=\"greyd-69fc59c258420\" class=\"wp-block-greyd-box gs_yuYIAG greyd-content-box animate-when-almost-visible fadeInUp gs_yuYIAG\">\n<h6 class=\"has-text-align-center has-color-62-color has-text-color wp-block-heading\" style=\"text-transform:uppercase\">Parcerias<\/h6>\n<\/div>\n\n\n\n<div id=\"greyd-69fc59c258516\" class=\"wp-block-greyd-box gs_bgaNJp greyd-content-box animate-when-almost-visible fadeInUp gs_bgaNJp\">\n<h6 class=\"has-text-align-center has-color-62-color has-text-color wp-block-heading\" style=\"text-transform:uppercase\">Reestrutura\u00e7\u00e3o<\/h6>\n<\/div>\n\n\n\n<div id=\"greyd-69fc59c25861e\" class=\"wp-block-greyd-box gs_AIW0oR greyd-content-box animate-when-almost-visible fadeInUp gs_AIW0oR\">\n<h6 class=\"has-text-align-center has-color-62-color has-text-color wp-block-heading\" style=\"text-transform:uppercase\">Internacionaliza\u00e7\u00e3o<\/h6>\n<\/div>\n<\/div>\n\n\n\n<div class=\"wp-block-column col-12 is-layout-flow wp-block-column-is-layout-flow\" style=\"flex-basis:10%;width:10%\"><\/div>\n<\/div>\n<\/div><\/div>\n<\/div>\n<\/div><\/div>\n<\/div>\n<\/div><div  class=\"row_wrap has-background\"><div id='bg_69fc59c258df0' class='greyd-background bg_full'>\n\t\t\t\t\t\t\t\t<div class='bg_color'><\/div>\n\t\t\t\t\t\t\t\t\n\t\t\t\t\t\t\t\t\n\t\t\t\t\t\t\t\t<div class='bg_seperator' style='opacity: 1;'><div class='sep_top' style='height: 60px; z-index: 0'><svg class=\"svg_mirror_y\" xmlns=\"http:\/\/www.w3.org\/2000\/svg\" version=\"1.1\" fill=\"#fff\" width=\"100%\" height=\"100%\" viewBox=\"0 0 4.66666 0.333331\" preserveAspectRatio=\"none\"><path class=\"fil0\" d=\"M-7.87402e-006 0.0148858l0.00234646 0c0.052689,0.0154094 0.554437,0.154539 1.51807,0.166524l0.267925 0c0.0227165,-0.00026378 0.0456102,-0.000582677 0.0687992,-0.001 1.1559,-0.0208465 2.34191,-0.147224 2.79148,-0.165524l0.0180591 0 0 0.166661 -7.87402e-006 0 0 0.151783 -4.66666 0 0 -0.151783 -7.87402e-006 0 0 -0.166661z\"\/><\/svg><\/div><\/div>\n\t\t\t\t\t\t\t<\/div>\n<div class=\"wp-block-columns row_xxl has-color-22-background-color has-background is-layout-flex wp-container-core-columns-is-layout-9d6595d7 wp-block-columns-is-layout-flex\">\n<div class=\"wp-block-column col-12 col-sm-auto is-layout-flow wp-block-column-is-layout-flow\"><div  class=\"row_wrap\">\n<div class=\"wp-block-columns row_xxl is-layout-flex wp-container-core-columns-is-layout-9d6595d7 wp-block-columns-is-layout-flex\">\n<div class=\"wp-block-column col-12 col-sm-auto is-layout-flow wp-block-column-is-layout-flow\"><div  class=\"spacer_wrap\" aria-hidden=\"true\"><div class=\"wp-block-spacer inner-sm\" style=\"height:calc(160px * 0.4)\" aria-hidden=\"true\"><\/div><div class=\"wp-block-spacer inner-md\" style=\"height:calc(160px * 0.6)\" aria-hidden=\"true\"><\/div><div class=\"wp-block-spacer inner-lg\" style=\"height:calc(160px * 0.8)\" aria-hidden=\"true\"><\/div><div class=\"wp-block-spacer inner-xl\" style=\"height:160px\" aria-hidden=\"true\"><\/div><\/div><\/div>\n<\/div>\n<\/div><\/div>\n<\/div>\n<\/div>","protected":false},"excerpt":{"rendered":"<p>Matchingintersectorial Os nossos parceiros beneficiam da nossa profunda experi\u00eancia no estabelecimento de liga\u00e7\u00f5es entre empresas e da nossa experi\u00eancia intersectorial. Al\u00e9m disso, n\u00e3o \u00e9 segredo que as empresas com os parceiros comerciais certos podem desenvolver-se e alcan\u00e7ar muito mais do que aquelas que se concentram apenas em si pr\u00f3prias. Os nossos encontros de serendipidade s\u00e3o [&hellip;]<\/p>\n","protected":false},"author":1,"featured_media":0,"parent":0,"menu_order":0,"comment_status":"closed","ping_status":"closed","template":"","meta":{"greyd_block_editor_preview":[],"footnotes":""},"class_list":["post-1766","page","type-page","status-publish","hentry"],"_links":{"self":[{"href":"https:\/\/matchbird.com\/pt-pt\/wp-json\/wp\/v2\/pages\/1766","targetHints":{"allow":["GET"]}}],"collection":[{"href":"https:\/\/matchbird.com\/pt-pt\/wp-json\/wp\/v2\/pages"}],"about":[{"href":"https:\/\/matchbird.com\/pt-pt\/wp-json\/wp\/v2\/types\/page"}],"author":[{"embeddable":true,"href":"https:\/\/matchbird.com\/pt-pt\/wp-json\/wp\/v2\/users\/1"}],"replies":[{"embeddable":true,"href":"https:\/\/matchbird.com\/pt-pt\/wp-json\/wp\/v2\/comments?post=1766"}],"version-history":[{"count":1,"href":"https:\/\/matchbird.com\/pt-pt\/wp-json\/wp\/v2\/pages\/1766\/revisions"}],"predecessor-version":[{"id":1771,"href":"https:\/\/matchbird.com\/pt-pt\/wp-json\/wp\/v2\/pages\/1766\/revisions\/1771"}],"wp:attachment":[{"href":"https:\/\/matchbird.com\/pt-pt\/wp-json\/wp\/v2\/media?parent=1766"}],"curies":[{"name":"wp","href":"https:\/\/api.w.org\/{rel}","templated":true}]}}