{"id":1816,"date":"2022-10-14T21:01:03","date_gmt":"2022-10-14T21:01:03","guid":{"rendered":"http:\/\/5.78.41.184\/impressao\/"},"modified":"2024-02-07T19:20:03","modified_gmt":"2024-02-07T19:20:03","slug":"impressao","status":"publish","type":"page","link":"https:\/\/matchbird.com\/pt-pt\/impressao\/","title":{"rendered":"Impress\u00e3o"},"content":{"rendered":"\n<div id=\"greyd-6a0717c446480\" class=\"wp-block-greyd-box gs_skPYy4 greyd-content-box gs_skPYy4 flex-justify-center has-background\">\n<h2 class=\"has-text-align-center has-color-62-color has-text-color wp-block-heading\" style=\"font-size:48px;text-transform:uppercase\">Impress\u00e3o<\/h2>\n<\/div>\n<div  class=\"row_wrap\">\n<div class=\"wp-block-columns row_xxl is-layout-flex wp-container-core-columns-is-layout-9d6595d7 wp-block-columns-is-layout-flex\">\n<div class=\"wp-block-column col-12 col-sm-6 is-layout-flow wp-block-column-is-layout-flow\" style=\"flex-basis:66.7%;width:66.7%\"><div  class=\"spacer_wrap\" aria-hidden=\"true\"><div class=\"wp-block-spacer inner-sm\" style=\"height:calc(50px * 0.4)\" aria-hidden=\"true\"><\/div><div class=\"wp-block-spacer inner-md\" style=\"height:calc(50px * 0.6)\" aria-hidden=\"true\"><\/div><div class=\"wp-block-spacer inner-lg\" style=\"height:calc(50px * 0.8)\" aria-hidden=\"true\"><\/div><div class=\"wp-block-spacer inner-xl\" style=\"height:50px\" aria-hidden=\"true\"><\/div><\/div>\n\n\n<h2>Informa\u00e7\u00e3o de acordo com o \u00a7 5 TMG<\/h2>\n<p>Matchbird GmbH<br\/>\nZimmerstrasse 19<br\/>\n40215 Duesseldorf<\/p>\n\n<p>Registo comercial: HRB 74347<br\/>\nTribunal de registo: Tribunal local de D\u00fcsseldorf<\/p>\n\n<p><strong>Representado por:<\/strong><br\/>\nMichael Kranz<\/p>\n\n<h2>Contacto<\/h2>\n<p>Telefone: +49 211 936716-0<br\/>\nCorreio eletr\u00f3nico: info@matchbird.com<\/p>\n\n<h2>Identifica\u00e7\u00e3o fiscal das vendas<\/h2>\n<p>N\u00famero de identifica\u00e7\u00e3o fiscal de acordo com o \u00a7 27 a da lei do imposto sobre as vendas:<br\/>\nDE290671153<\/p>\n\n<h2>Responsabilidade editorial<\/h2>\n<p>Michael Kranz<\/p>\n\n<h2>Resolu\u00e7\u00e3o de lit\u00edgios na UE<\/h2>\n<p>A Comiss\u00e3o Europeia disponibiliza uma plataforma para a resolu\u00e7\u00e3o de lit\u00edgios em linha (OS): <a href=\"https:\/\/ec.europa.eu\/consumers\/odr\/\" target=\"_blank\" rel=\"noopener noreferrer\">https:\/\/ec.europa.eu\/consumers\/odr\/<\/a>.<br\/> Pode encontrar o nosso endere\u00e7o eletr\u00f3nico no aviso legal acima.<\/p>\n\n<h2>Resolu\u00e7\u00e3o de lit\u00edgios de consumo\/centro de arbitragem universal<\/h2>\n<p>N\u00e3o estamos dispostos nem somos obrigados a participar num processo de resolu\u00e7\u00e3o de lit\u00edgios perante uma comiss\u00e3o de arbitragem de consumidores.<\/p>\n\n\n<div  class=\"spacer_wrap\" aria-hidden=\"true\"><div class=\"wp-block-spacer inner-sm\" style=\"height:calc(100px * 0.4)\" aria-hidden=\"true\"><\/div><div class=\"wp-block-spacer inner-md\" style=\"height:calc(100px * 0.6)\" aria-hidden=\"true\"><\/div><div class=\"wp-block-spacer inner-lg\" style=\"height:calc(100px * 0.8)\" aria-hidden=\"true\"><\/div><div class=\"wp-block-spacer inner-xl\" style=\"height:100px\" aria-hidden=\"true\"><\/div><\/div><\/div>\n\n\n\n<div class=\"wp-block-column col-12 col-sm-auto is-layout-flow wp-block-column-is-layout-flow\" style=\"flex-basis:33.3%;width:33.3%\"><\/div>\n<\/div>\n<\/div>","protected":false},"excerpt":{"rendered":"<p>Informa\u00e7\u00e3o de acordo com o \u00a7 5 TMG Matchbird GmbH Zimmerstrasse 19 40215 Duesseldorf Registo comercial: HRB 74347 Tribunal de registo: Tribunal local de D\u00fcsseldorf Representado por: Michael Kranz Contacto Telefone: +49 211 936716-0 Correio eletr\u00f3nico: info@matchbird.com Identifica\u00e7\u00e3o fiscal das vendas N\u00famero de identifica\u00e7\u00e3o fiscal de acordo com o \u00a7 27 a da lei do [&hellip;]<\/p>\n","protected":false},"author":1,"featured_media":0,"parent":0,"menu_order":0,"comment_status":"closed","ping_status":"closed","template":"","meta":{"greyd_block_editor_preview":[],"footnotes":""},"class_list":["post-1816","page","type-page","status-publish","hentry"],"_links":{"self":[{"href":"https:\/\/matchbird.com\/pt-pt\/wp-json\/wp\/v2\/pages\/1816","targetHints":{"allow":["GET"]}}],"collection":[{"href":"https:\/\/matchbird.com\/pt-pt\/wp-json\/wp\/v2\/pages"}],"about":[{"href":"https:\/\/matchbird.com\/pt-pt\/wp-json\/wp\/v2\/types\/page"}],"author":[{"embeddable":true,"href":"https:\/\/matchbird.com\/pt-pt\/wp-json\/wp\/v2\/users\/1"}],"replies":[{"embeddable":true,"href":"https:\/\/matchbird.com\/pt-pt\/wp-json\/wp\/v2\/comments?post=1816"}],"version-history":[{"count":3,"href":"https:\/\/matchbird.com\/pt-pt\/wp-json\/wp\/v2\/pages\/1816\/revisions"}],"predecessor-version":[{"id":1838,"href":"https:\/\/matchbird.com\/pt-pt\/wp-json\/wp\/v2\/pages\/1816\/revisions\/1838"}],"wp:attachment":[{"href":"https:\/\/matchbird.com\/pt-pt\/wp-json\/wp\/v2\/media?parent=1816"}],"curies":[{"name":"wp","href":"https:\/\/api.w.org\/{rel}","templated":true}]}}